{"id":27251,"date":"2018-12-06T16:12:09","date_gmt":"2018-12-06T16:12:09","guid":{"rendered":"https:\/\/www.globalvoices.ch\/about-us\/"},"modified":"2021-07-19T09:09:06","modified_gmt":"2021-07-19T09:09:06","slug":"ueber-uns","status":"publish","type":"page","link":"https:\/\/www.globalvoices.ch\/de\/ueber-uns\/","title":{"rendered":"\u00dcber uns SWDE"},"content":{"rendered":"","protected":false},"excerpt":{"rendered":"","protected":false},"author":33,"featured_media":0,"parent":0,"menu_order":0,"comment_status":"closed","ping_status":"closed","template":"page-about.php","meta":[],"yoast_head":"<!-- This site is optimized with the Yoast SEO plugin v16.7 - https:\/\/yoast.com\/wordpress\/plugins\/seo\/ -->\n<title>\u00dcber unsere Sprachservices - Global Voices Schweiz<\/title>\n<meta name=\"description\" content=\"Mit f\u00fchrenden \u00dcbersetzungs- und Dolmetschdiensten versprechen wir Genauigkeit, Vertraulichkeit und engagierten Kundenservice in der ganzen Schweiz.\" \/>\n<meta name=\"robots\" content=\"index, follow, max-snippet:-1, max-image-preview:large, max-video-preview:-1\" \/>\n<link rel=\"canonical\" href=\"https:\/\/www.globalvoices.ch\/de\/ueber-uns\/\" \/>\n<meta name=\"twitter:card\" content=\"summary_large_image\" \/>\n<meta name=\"twitter:title\" content=\"\u00dcber unsere Sprachservices - Global Voices Schweiz\" \/>\n<meta name=\"twitter:description\" content=\"Mit f\u00fchrenden \u00dcbersetzungs- und Dolmetschdiensten versprechen wir Genauigkeit, Vertraulichkeit und engagierten Kundenservice in der ganzen Schweiz.\" \/>\n<!-- \/ Yoast SEO plugin. -->","yoast_head_json":{"title":"\u00dcber unsere Sprachservices - Global Voices Schweiz","description":"Mit f\u00fchrenden \u00dcbersetzungs- und Dolmetschdiensten versprechen wir Genauigkeit, Vertraulichkeit und engagierten Kundenservice in der ganzen Schweiz.","robots":{"index":"index","follow":"follow","max-snippet":"max-snippet:-1","max-image-preview":"max-image-preview:large","max-video-preview":"max-video-preview:-1"},"canonical":"https:\/\/www.globalvoices.ch\/de\/ueber-uns\/","twitter_card":"summary_large_image","twitter_title":"\u00dcber unsere Sprachservices - Global Voices Schweiz","twitter_description":"Mit f\u00fchrenden \u00dcbersetzungs- und Dolmetschdiensten versprechen wir Genauigkeit, Vertraulichkeit und engagierten Kundenservice in der ganzen Schweiz.","schema":{"@context":"https:\/\/schema.org","@graph":[{"@type":"WebSite","@id":"https:\/\/www.globalvoices.ch\/#website","url":"https:\/\/www.globalvoices.ch\/","name":"Global Voices","description":"Translation Agency &amp; Translation Services","potentialAction":[{"@type":"SearchAction","target":{"@type":"EntryPoint","urlTemplate":"https:\/\/www.globalvoices.ch\/?s={search_term_string}"},"query-input":"required name=search_term_string"}],"inLanguage":"de"},{"@type":"WebPage","@id":"https:\/\/www.globalvoices.ch\/de\/ueber-uns\/#webpage","url":"https:\/\/www.globalvoices.ch\/de\/ueber-uns\/","name":"\u00dcber unsere Sprachservices - Global Voices Schweiz","isPartOf":{"@id":"https:\/\/www.globalvoices.ch\/#website"},"datePublished":"2018-12-06T16:12:09+00:00","dateModified":"2021-07-19T09:09:06+00:00","description":"Mit f\u00fchrenden \u00dcbersetzungs- und Dolmetschdiensten versprechen wir Genauigkeit, Vertraulichkeit und engagierten Kundenservice in der ganzen Schweiz.","breadcrumb":{"@id":"https:\/\/www.globalvoices.ch\/de\/ueber-uns\/#breadcrumb"},"inLanguage":"de","potentialAction":[{"@type":"ReadAction","target":["https:\/\/www.globalvoices.ch\/de\/ueber-uns\/"]}]},{"@type":"BreadcrumbList","@id":"https:\/\/www.globalvoices.ch\/de\/ueber-uns\/#breadcrumb","itemListElement":[{"@type":"ListItem","position":1,"name":"Home","item":"https:\/\/www.globalvoices.ch\/de\/"},{"@type":"ListItem","position":2,"name":"\u00dcber uns SWDE"}]}]}},"_links":{"self":[{"href":"https:\/\/www.globalvoices.ch\/de\/wp-json\/wp\/v2\/pages\/27251"}],"collection":[{"href":"https:\/\/www.globalvoices.ch\/de\/wp-json\/wp\/v2\/pages"}],"about":[{"href":"https:\/\/www.globalvoices.ch\/de\/wp-json\/wp\/v2\/types\/page"}],"author":[{"embeddable":true,"href":"https:\/\/www.globalvoices.ch\/de\/wp-json\/wp\/v2\/users\/33"}],"replies":[{"embeddable":true,"href":"https:\/\/www.globalvoices.ch\/de\/wp-json\/wp\/v2\/comments?post=27251"}],"version-history":[{"count":4,"href":"https:\/\/www.globalvoices.ch\/de\/wp-json\/wp\/v2\/pages\/27251\/revisions"}],"predecessor-version":[{"id":31709,"href":"https:\/\/www.globalvoices.ch\/de\/wp-json\/wp\/v2\/pages\/27251\/revisions\/31709"}],"wp:attachment":[{"href":"https:\/\/www.globalvoices.ch\/de\/wp-json\/wp\/v2\/media?parent=27251"}],"curies":[{"name":"wp","href":"https:\/\/api.w.org\/{rel}","templated":true}]}}