{"id":27262,"date":"2018-12-06T17:40:22","date_gmt":"2018-12-06T17:40:22","guid":{"rendered":"https:\/\/www.globalvoices.ch\/consumer-translation-services\/"},"modified":"2021-07-19T09:03:53","modified_gmt":"2021-07-19T09:03:53","slug":"konsumgueter-uebersetzungen","status":"publish","type":"page","link":"https:\/\/www.globalvoices.ch\/de\/konsumgueter-uebersetzungen\/","title":{"rendered":"Konsumg\u00fcter \u00dcbersetzungen SWDE"},"content":{"rendered":"","protected":false},"excerpt":{"rendered":"","protected":false},"author":33,"featured_media":0,"parent":0,"menu_order":0,"comment_status":"closed","ping_status":"closed","template":"page-modular.php","meta":[],"yoast_head":"<!-- This site is optimized with the Yoast SEO plugin v16.7 - https:\/\/yoast.com\/wordpress\/plugins\/seo\/ -->\n<title>Professionelle Konsumg\u00fcter-\u00dcbersetzungen | Global Voices Schweiz<\/title>\n<meta name=\"description\" content=\"Die Arbeit von Global Voices im Bereich Konsumg\u00fcter\u00fcbersetzungen ist auf alle Fachbereiche der Branche zugeschnitten. Holen Sie sich Ihr Angebot noch heute.\" \/>\n<meta name=\"robots\" content=\"index, follow, max-snippet:-1, max-image-preview:large, max-video-preview:-1\" \/>\n<link rel=\"canonical\" href=\"https:\/\/www.globalvoices.ch\/de\/konsumgueter-uebersetzungen\/\" \/>\n<meta name=\"twitter:card\" content=\"summary_large_image\" \/>\n<meta name=\"twitter:title\" content=\"Professionelle Konsumg\u00fcter-\u00dcbersetzungen | Global Voices Schweiz\" \/>\n<meta name=\"twitter:description\" content=\"Die Arbeit von Global Voices im Bereich Konsumg\u00fcter\u00fcbersetzungen ist auf alle Fachbereiche der Branche zugeschnitten. Holen Sie sich Ihr Angebot noch heute.\" \/>\n<!-- \/ Yoast SEO plugin. -->","yoast_head_json":{"title":"Professionelle Konsumg\u00fcter-\u00dcbersetzungen | Global Voices Schweiz","description":"Die Arbeit von Global Voices im Bereich Konsumg\u00fcter\u00fcbersetzungen ist auf alle Fachbereiche der Branche zugeschnitten. Holen Sie sich Ihr Angebot noch heute.","robots":{"index":"index","follow":"follow","max-snippet":"max-snippet:-1","max-image-preview":"max-image-preview:large","max-video-preview":"max-video-preview:-1"},"canonical":"https:\/\/www.globalvoices.ch\/de\/konsumgueter-uebersetzungen\/","twitter_card":"summary_large_image","twitter_title":"Professionelle Konsumg\u00fcter-\u00dcbersetzungen | Global Voices Schweiz","twitter_description":"Die Arbeit von Global Voices im Bereich Konsumg\u00fcter\u00fcbersetzungen ist auf alle Fachbereiche der Branche zugeschnitten. Holen Sie sich Ihr Angebot noch heute.","schema":{"@context":"https:\/\/schema.org","@graph":[{"@type":"WebSite","@id":"https:\/\/www.globalvoices.ch\/#website","url":"https:\/\/www.globalvoices.ch\/","name":"Global Voices","description":"Translation Agency &amp; Translation Services","potentialAction":[{"@type":"SearchAction","target":{"@type":"EntryPoint","urlTemplate":"https:\/\/www.globalvoices.ch\/?s={search_term_string}"},"query-input":"required name=search_term_string"}],"inLanguage":"de"},{"@type":"WebPage","@id":"https:\/\/www.globalvoices.ch\/de\/konsumgueter-uebersetzungen\/#webpage","url":"https:\/\/www.globalvoices.ch\/de\/konsumgueter-uebersetzungen\/","name":"Professionelle Konsumg\u00fcter-\u00dcbersetzungen | Global Voices Schweiz","isPartOf":{"@id":"https:\/\/www.globalvoices.ch\/#website"},"datePublished":"2018-12-06T17:40:22+00:00","dateModified":"2021-07-19T09:03:53+00:00","description":"Die Arbeit von Global Voices im Bereich Konsumg\u00fcter\u00fcbersetzungen ist auf alle Fachbereiche der Branche zugeschnitten. Holen Sie sich Ihr Angebot noch heute.","breadcrumb":{"@id":"https:\/\/www.globalvoices.ch\/de\/konsumgueter-uebersetzungen\/#breadcrumb"},"inLanguage":"de","potentialAction":[{"@type":"ReadAction","target":["https:\/\/www.globalvoices.ch\/de\/konsumgueter-uebersetzungen\/"]}]},{"@type":"BreadcrumbList","@id":"https:\/\/www.globalvoices.ch\/de\/konsumgueter-uebersetzungen\/#breadcrumb","itemListElement":[{"@type":"ListItem","position":1,"name":"Home","item":"https:\/\/www.globalvoices.ch\/de\/"},{"@type":"ListItem","position":2,"name":"Konsumg\u00fcter \u00dcbersetzungen SWDE"}]}]}},"_links":{"self":[{"href":"https:\/\/www.globalvoices.ch\/de\/wp-json\/wp\/v2\/pages\/27262"}],"collection":[{"href":"https:\/\/www.globalvoices.ch\/de\/wp-json\/wp\/v2\/pages"}],"about":[{"href":"https:\/\/www.globalvoices.ch\/de\/wp-json\/wp\/v2\/types\/page"}],"author":[{"embeddable":true,"href":"https:\/\/www.globalvoices.ch\/de\/wp-json\/wp\/v2\/users\/33"}],"replies":[{"embeddable":true,"href":"https:\/\/www.globalvoices.ch\/de\/wp-json\/wp\/v2\/comments?post=27262"}],"version-history":[{"count":6,"href":"https:\/\/www.globalvoices.ch\/de\/wp-json\/wp\/v2\/pages\/27262\/revisions"}],"predecessor-version":[{"id":31683,"href":"https:\/\/www.globalvoices.ch\/de\/wp-json\/wp\/v2\/pages\/27262\/revisions\/31683"}],"wp:attachment":[{"href":"https:\/\/www.globalvoices.ch\/de\/wp-json\/wp\/v2\/media?parent=27262"}],"curies":[{"name":"wp","href":"https:\/\/api.w.org\/{rel}","templated":true}]}}