{"id":27278,"date":"2019-01-02T14:30:42","date_gmt":"2019-01-02T14:30:42","guid":{"rendered":"https:\/\/www.globalvoices.ch\/interpretation-services\/conference-interpreters\/"},"modified":"2021-07-19T08:58:19","modified_gmt":"2021-07-19T08:58:19","slug":"conference-interpreters","status":"publish","type":"page","link":"https:\/\/www.globalvoices.ch\/de\/dolmetschservices\/conference-interpreters\/","title":{"rendered":"Konferenzdolmetschen SWDE"},"content":{"rendered":"","protected":false},"excerpt":{"rendered":"","protected":false},"author":33,"featured_media":0,"parent":27275,"menu_order":0,"comment_status":"closed","ping_status":"closed","template":"page-modular.php","meta":[],"yoast_head":"<!-- This site is optimized with the Yoast SEO plugin v16.7 - https:\/\/yoast.com\/wordpress\/plugins\/seo\/ -->\n<title>Professionelle Konferenzdolmetscher Services - Global Voices<\/title>\n<meta name=\"description\" content=\"Wir bieten professionelle Konferenzdolmetscherdienste in \u00fcber 150 Sprachen, ideal f\u00fcr Unternehmen und den \u00f6ffentlichen Sektor. Holen Sie sich ein Angebot.\" \/>\n<meta name=\"robots\" content=\"index, follow, max-snippet:-1, max-image-preview:large, max-video-preview:-1\" \/>\n<link rel=\"canonical\" href=\"https:\/\/www.globalvoices.ch\/de\/dolmetschservices\/conference-interpreters\/\" \/>\n<meta name=\"twitter:card\" content=\"summary_large_image\" \/>\n<meta name=\"twitter:title\" content=\"Professionelle Konferenzdolmetscher Services - Global Voices\" \/>\n<meta name=\"twitter:description\" content=\"Wir bieten professionelle Konferenzdolmetscherdienste in \u00fcber 150 Sprachen, ideal f\u00fcr Unternehmen und den \u00f6ffentlichen Sektor. Holen Sie sich ein Angebot.\" \/>\n<!-- \/ Yoast SEO plugin. -->","yoast_head_json":{"title":"Professionelle Konferenzdolmetscher Services - Global Voices","description":"Wir bieten professionelle Konferenzdolmetscherdienste in \u00fcber 150 Sprachen, ideal f\u00fcr Unternehmen und den \u00f6ffentlichen Sektor. Holen Sie sich ein Angebot.","robots":{"index":"index","follow":"follow","max-snippet":"max-snippet:-1","max-image-preview":"max-image-preview:large","max-video-preview":"max-video-preview:-1"},"canonical":"https:\/\/www.globalvoices.ch\/de\/dolmetschservices\/conference-interpreters\/","twitter_card":"summary_large_image","twitter_title":"Professionelle Konferenzdolmetscher Services - Global Voices","twitter_description":"Wir bieten professionelle Konferenzdolmetscherdienste in \u00fcber 150 Sprachen, ideal f\u00fcr Unternehmen und den \u00f6ffentlichen Sektor. Holen Sie sich ein Angebot.","schema":{"@context":"https:\/\/schema.org","@graph":[{"@type":"WebSite","@id":"https:\/\/www.globalvoices.ch\/#website","url":"https:\/\/www.globalvoices.ch\/","name":"Global Voices","description":"Translation Agency &amp; Translation Services","potentialAction":[{"@type":"SearchAction","target":{"@type":"EntryPoint","urlTemplate":"https:\/\/www.globalvoices.ch\/?s={search_term_string}"},"query-input":"required name=search_term_string"}],"inLanguage":"de"},{"@type":"WebPage","@id":"https:\/\/www.globalvoices.ch\/de\/dolmetschservices\/conference-interpreters\/#webpage","url":"https:\/\/www.globalvoices.ch\/de\/dolmetschservices\/conference-interpreters\/","name":"Professionelle Konferenzdolmetscher Services - Global Voices","isPartOf":{"@id":"https:\/\/www.globalvoices.ch\/#website"},"datePublished":"2019-01-02T14:30:42+00:00","dateModified":"2021-07-19T08:58:19+00:00","description":"Wir bieten professionelle Konferenzdolmetscherdienste in \u00fcber 150 Sprachen, ideal f\u00fcr Unternehmen und den \u00f6ffentlichen Sektor. Holen Sie sich ein Angebot.","breadcrumb":{"@id":"https:\/\/www.globalvoices.ch\/de\/dolmetschservices\/conference-interpreters\/#breadcrumb"},"inLanguage":"de","potentialAction":[{"@type":"ReadAction","target":["https:\/\/www.globalvoices.ch\/de\/dolmetschservices\/conference-interpreters\/"]}]},{"@type":"BreadcrumbList","@id":"https:\/\/www.globalvoices.ch\/de\/dolmetschservices\/conference-interpreters\/#breadcrumb","itemListElement":[{"@type":"ListItem","position":1,"name":"Home","item":"https:\/\/www.globalvoices.ch\/de\/"},{"@type":"ListItem","position":2,"name":"Dolmetschservices SWDE","item":"https:\/\/www.globalvoices.ch\/de\/dolmetschservices\/"},{"@type":"ListItem","position":3,"name":"Konferenzdolmetschen SWDE"}]}]}},"_links":{"self":[{"href":"https:\/\/www.globalvoices.ch\/de\/wp-json\/wp\/v2\/pages\/27278"}],"collection":[{"href":"https:\/\/www.globalvoices.ch\/de\/wp-json\/wp\/v2\/pages"}],"about":[{"href":"https:\/\/www.globalvoices.ch\/de\/wp-json\/wp\/v2\/types\/page"}],"author":[{"embeddable":true,"href":"https:\/\/www.globalvoices.ch\/de\/wp-json\/wp\/v2\/users\/33"}],"replies":[{"embeddable":true,"href":"https:\/\/www.globalvoices.ch\/de\/wp-json\/wp\/v2\/comments?post=27278"}],"version-history":[{"count":4,"href":"https:\/\/www.globalvoices.ch\/de\/wp-json\/wp\/v2\/pages\/27278\/revisions"}],"predecessor-version":[{"id":31672,"href":"https:\/\/www.globalvoices.ch\/de\/wp-json\/wp\/v2\/pages\/27278\/revisions\/31672"}],"up":[{"embeddable":true,"href":"https:\/\/www.globalvoices.ch\/de\/wp-json\/wp\/v2\/pages\/27275"}],"wp:attachment":[{"href":"https:\/\/www.globalvoices.ch\/de\/wp-json\/wp\/v2\/media?parent=27278"}],"curies":[{"name":"wp","href":"https:\/\/api.w.org\/{rel}","templated":true}]}}