{"id":27281,"date":"2018-12-06T16:46:10","date_gmt":"2018-12-06T16:46:10","guid":{"rendered":"https:\/\/www.globalvoices.ch\/legal-and-certification-services\/"},"modified":"2021-07-19T09:03:33","modified_gmt":"2021-07-19T09:03:33","slug":"juristische-und-beglaubigte-uebersetzungen","status":"publish","type":"page","link":"https:\/\/www.globalvoices.ch\/de\/juristische-und-beglaubigte-uebersetzungen\/","title":{"rendered":"Juristische und beglaubigte \u00dcbersetzungen SWDE"},"content":{"rendered":"","protected":false},"excerpt":{"rendered":"","protected":false},"author":33,"featured_media":0,"parent":0,"menu_order":0,"comment_status":"closed","ping_status":"closed","template":"page-modular.php","meta":[],"yoast_head":"<!-- This site is optimized with the Yoast SEO plugin v16.7 - https:\/\/yoast.com\/wordpress\/plugins\/seo\/ -->\n<title>Juristische und beglaubigte \u00dcbersetzungen | Global Voices Schweiz<\/title>\n<meta name=\"description\" content=\"Global Voices bietet Ihnen eine gro\u00dfe Auswahl an juristischen und beglaubigten \u00dcbersetzungen an. \u00dcberzeugen Sie sich selbst und kontaktieren Sie uns.\" \/>\n<meta name=\"robots\" content=\"index, follow, max-snippet:-1, max-image-preview:large, max-video-preview:-1\" \/>\n<link rel=\"canonical\" href=\"https:\/\/www.globalvoices.ch\/de\/juristische-und-beglaubigte-uebersetzungen\/\" \/>\n<meta name=\"twitter:card\" content=\"summary_large_image\" \/>\n<meta name=\"twitter:title\" content=\"Juristische und beglaubigte \u00dcbersetzungen | Global Voices Schweiz\" \/>\n<meta name=\"twitter:description\" content=\"Global Voices bietet Ihnen eine gro\u00dfe Auswahl an juristischen und beglaubigten \u00dcbersetzungen an. \u00dcberzeugen Sie sich selbst und kontaktieren Sie uns.\" \/>\n<!-- \/ Yoast SEO plugin. -->","yoast_head_json":{"title":"Juristische und beglaubigte \u00dcbersetzungen | Global Voices Schweiz","description":"Global Voices bietet Ihnen eine gro\u00dfe Auswahl an juristischen und beglaubigten \u00dcbersetzungen an. \u00dcberzeugen Sie sich selbst und kontaktieren Sie uns.","robots":{"index":"index","follow":"follow","max-snippet":"max-snippet:-1","max-image-preview":"max-image-preview:large","max-video-preview":"max-video-preview:-1"},"canonical":"https:\/\/www.globalvoices.ch\/de\/juristische-und-beglaubigte-uebersetzungen\/","twitter_card":"summary_large_image","twitter_title":"Juristische und beglaubigte \u00dcbersetzungen | Global Voices Schweiz","twitter_description":"Global Voices bietet Ihnen eine gro\u00dfe Auswahl an juristischen und beglaubigten \u00dcbersetzungen an. \u00dcberzeugen Sie sich selbst und kontaktieren Sie uns.","schema":{"@context":"https:\/\/schema.org","@graph":[{"@type":"WebSite","@id":"https:\/\/www.globalvoices.ch\/#website","url":"https:\/\/www.globalvoices.ch\/","name":"Global Voices","description":"Translation Agency &amp; Translation Services","potentialAction":[{"@type":"SearchAction","target":{"@type":"EntryPoint","urlTemplate":"https:\/\/www.globalvoices.ch\/?s={search_term_string}"},"query-input":"required name=search_term_string"}],"inLanguage":"de"},{"@type":"WebPage","@id":"https:\/\/www.globalvoices.ch\/de\/juristische-und-beglaubigte-uebersetzungen\/#webpage","url":"https:\/\/www.globalvoices.ch\/de\/juristische-und-beglaubigte-uebersetzungen\/","name":"Juristische und beglaubigte \u00dcbersetzungen | Global Voices Schweiz","isPartOf":{"@id":"https:\/\/www.globalvoices.ch\/#website"},"datePublished":"2018-12-06T16:46:10+00:00","dateModified":"2021-07-19T09:03:33+00:00","description":"Global Voices bietet Ihnen eine gro\u00dfe Auswahl an juristischen und beglaubigten \u00dcbersetzungen an. \u00dcberzeugen Sie sich selbst und kontaktieren Sie uns.","breadcrumb":{"@id":"https:\/\/www.globalvoices.ch\/de\/juristische-und-beglaubigte-uebersetzungen\/#breadcrumb"},"inLanguage":"de","potentialAction":[{"@type":"ReadAction","target":["https:\/\/www.globalvoices.ch\/de\/juristische-und-beglaubigte-uebersetzungen\/"]}]},{"@type":"BreadcrumbList","@id":"https:\/\/www.globalvoices.ch\/de\/juristische-und-beglaubigte-uebersetzungen\/#breadcrumb","itemListElement":[{"@type":"ListItem","position":1,"name":"Home","item":"https:\/\/www.globalvoices.ch\/de\/"},{"@type":"ListItem","position":2,"name":"Juristische und beglaubigte \u00dcbersetzungen SWDE"}]}]}},"_links":{"self":[{"href":"https:\/\/www.globalvoices.ch\/de\/wp-json\/wp\/v2\/pages\/27281"}],"collection":[{"href":"https:\/\/www.globalvoices.ch\/de\/wp-json\/wp\/v2\/pages"}],"about":[{"href":"https:\/\/www.globalvoices.ch\/de\/wp-json\/wp\/v2\/types\/page"}],"author":[{"embeddable":true,"href":"https:\/\/www.globalvoices.ch\/de\/wp-json\/wp\/v2\/users\/33"}],"replies":[{"embeddable":true,"href":"https:\/\/www.globalvoices.ch\/de\/wp-json\/wp\/v2\/comments?post=27281"}],"version-history":[{"count":4,"href":"https:\/\/www.globalvoices.ch\/de\/wp-json\/wp\/v2\/pages\/27281\/revisions"}],"predecessor-version":[{"id":31681,"href":"https:\/\/www.globalvoices.ch\/de\/wp-json\/wp\/v2\/pages\/27281\/revisions\/31681"}],"wp:attachment":[{"href":"https:\/\/www.globalvoices.ch\/de\/wp-json\/wp\/v2\/media?parent=27281"}],"curies":[{"name":"wp","href":"https:\/\/api.w.org\/{rel}","templated":true}]}}