{"id":27296,"date":"2019-01-08T16:16:52","date_gmt":"2019-01-08T16:16:52","guid":{"rendered":"https:\/\/www.globalvoices.ch\/legal-translation\/"},"modified":"2021-07-19T09:03:11","modified_gmt":"2021-07-19T09:03:11","slug":"juristische-uebersetzungen","status":"publish","type":"page","link":"https:\/\/www.globalvoices.ch\/de\/juristische-uebersetzungen\/","title":{"rendered":"Juristische \u00dcbersetzungen SWDE"},"content":{"rendered":"","protected":false},"excerpt":{"rendered":"","protected":false},"author":33,"featured_media":0,"parent":0,"menu_order":0,"comment_status":"closed","ping_status":"closed","template":"page-modular.php","meta":[],"yoast_head":"<!-- This site is optimized with the Yoast SEO plugin v16.7 - https:\/\/yoast.com\/wordpress\/plugins\/seo\/ -->\n<title>Professionelle juristische \u00dcbersetzungen | Global Voices<\/title>\n<meta name=\"description\" content=\"Erfahrung in der Bereitstellung juristischer \u00dcbersetzungen im Bereich Patente und Rechtswesen. Mehr \u00fcber juristische \u00dcbersetzungsdienstleistungen erfahren.\" \/>\n<meta name=\"robots\" content=\"index, follow, max-snippet:-1, max-image-preview:large, max-video-preview:-1\" \/>\n<link rel=\"canonical\" href=\"https:\/\/www.globalvoices.ch\/de\/juristische-uebersetzungen\/\" \/>\n<meta name=\"twitter:card\" content=\"summary_large_image\" \/>\n<meta name=\"twitter:title\" content=\"Professionelle juristische \u00dcbersetzungen | Global Voices\" \/>\n<meta name=\"twitter:description\" content=\"Erfahrung in der Bereitstellung juristischer \u00dcbersetzungen im Bereich Patente und Rechtswesen. Mehr \u00fcber juristische \u00dcbersetzungsdienstleistungen erfahren.\" \/>\n<!-- \/ Yoast SEO plugin. -->","yoast_head_json":{"title":"Professionelle juristische \u00dcbersetzungen | Global Voices","description":"Erfahrung in der Bereitstellung juristischer \u00dcbersetzungen im Bereich Patente und Rechtswesen. Mehr \u00fcber juristische \u00dcbersetzungsdienstleistungen erfahren.","robots":{"index":"index","follow":"follow","max-snippet":"max-snippet:-1","max-image-preview":"max-image-preview:large","max-video-preview":"max-video-preview:-1"},"canonical":"https:\/\/www.globalvoices.ch\/de\/juristische-uebersetzungen\/","twitter_card":"summary_large_image","twitter_title":"Professionelle juristische \u00dcbersetzungen | Global Voices","twitter_description":"Erfahrung in der Bereitstellung juristischer \u00dcbersetzungen im Bereich Patente und Rechtswesen. Mehr \u00fcber juristische \u00dcbersetzungsdienstleistungen erfahren.","schema":{"@context":"https:\/\/schema.org","@graph":[{"@type":"WebSite","@id":"https:\/\/www.globalvoices.ch\/#website","url":"https:\/\/www.globalvoices.ch\/","name":"Global Voices","description":"Translation Agency &amp; Translation Services","potentialAction":[{"@type":"SearchAction","target":{"@type":"EntryPoint","urlTemplate":"https:\/\/www.globalvoices.ch\/?s={search_term_string}"},"query-input":"required name=search_term_string"}],"inLanguage":"de"},{"@type":"WebPage","@id":"https:\/\/www.globalvoices.ch\/de\/juristische-uebersetzungen\/#webpage","url":"https:\/\/www.globalvoices.ch\/de\/juristische-uebersetzungen\/","name":"Professionelle juristische \u00dcbersetzungen | Global Voices","isPartOf":{"@id":"https:\/\/www.globalvoices.ch\/#website"},"datePublished":"2019-01-08T16:16:52+00:00","dateModified":"2021-07-19T09:03:11+00:00","description":"Erfahrung in der Bereitstellung juristischer \u00dcbersetzungen im Bereich Patente und Rechtswesen. Mehr \u00fcber juristische \u00dcbersetzungsdienstleistungen erfahren.","breadcrumb":{"@id":"https:\/\/www.globalvoices.ch\/de\/juristische-uebersetzungen\/#breadcrumb"},"inLanguage":"de","potentialAction":[{"@type":"ReadAction","target":["https:\/\/www.globalvoices.ch\/de\/juristische-uebersetzungen\/"]}]},{"@type":"BreadcrumbList","@id":"https:\/\/www.globalvoices.ch\/de\/juristische-uebersetzungen\/#breadcrumb","itemListElement":[{"@type":"ListItem","position":1,"name":"Home","item":"https:\/\/www.globalvoices.ch\/de\/"},{"@type":"ListItem","position":2,"name":"Juristische \u00dcbersetzungen SWDE"}]}]}},"_links":{"self":[{"href":"https:\/\/www.globalvoices.ch\/de\/wp-json\/wp\/v2\/pages\/27296"}],"collection":[{"href":"https:\/\/www.globalvoices.ch\/de\/wp-json\/wp\/v2\/pages"}],"about":[{"href":"https:\/\/www.globalvoices.ch\/de\/wp-json\/wp\/v2\/types\/page"}],"author":[{"embeddable":true,"href":"https:\/\/www.globalvoices.ch\/de\/wp-json\/wp\/v2\/users\/33"}],"replies":[{"embeddable":true,"href":"https:\/\/www.globalvoices.ch\/de\/wp-json\/wp\/v2\/comments?post=27296"}],"version-history":[{"count":4,"href":"https:\/\/www.globalvoices.ch\/de\/wp-json\/wp\/v2\/pages\/27296\/revisions"}],"predecessor-version":[{"id":31679,"href":"https:\/\/www.globalvoices.ch\/de\/wp-json\/wp\/v2\/pages\/27296\/revisions\/31679"}],"wp:attachment":[{"href":"https:\/\/www.globalvoices.ch\/de\/wp-json\/wp\/v2\/media?parent=27296"}],"curies":[{"name":"wp","href":"https:\/\/api.w.org\/{rel}","templated":true}]}}