{"id":27308,"date":"2018-10-19T10:01:01","date_gmt":"2018-10-19T10:01:01","guid":{"rendered":"https:\/\/www.globalvoices.ch\/translation-services\/"},"modified":"2021-07-19T09:09:16","modified_gmt":"2021-07-19T09:09:16","slug":"uebersetzungsservices","status":"publish","type":"page","link":"https:\/\/www.globalvoices.ch\/de\/uebersetzungsservices\/","title":{"rendered":"\u00dcbersetzungsservices SWDE"},"content":{"rendered":"","protected":false},"excerpt":{"rendered":"","protected":false},"author":33,"featured_media":0,"parent":0,"menu_order":0,"comment_status":"closed","ping_status":"closed","template":"page-modular.php","meta":[],"yoast_head":"<!-- This site is optimized with the Yoast SEO plugin v16.7 - https:\/\/yoast.com\/wordpress\/plugins\/seo\/ -->\n<title>\u00dcbersetzungsservices von Experten | Global Voices Schweiz<\/title>\n<meta name=\"description\" content=\"Unsere \u00dcbersetzungsservices umfassen Desktop-Publishing und Website-\u00dcbersetzungen. Erfahren Sie, wie Global Voices Ihrem Unternehmen helfen kann!\" \/>\n<meta name=\"robots\" content=\"index, follow, max-snippet:-1, max-image-preview:large, max-video-preview:-1\" \/>\n<link rel=\"canonical\" href=\"https:\/\/www.globalvoices.ch\/de\/uebersetzungsservices\/\" \/>\n<meta name=\"twitter:card\" content=\"summary_large_image\" \/>\n<meta name=\"twitter:title\" content=\"\u00dcbersetzungsservices von Experten | Global Voices Schweiz\" \/>\n<meta name=\"twitter:description\" content=\"Unsere \u00dcbersetzungsservices umfassen Desktop-Publishing und Website-\u00dcbersetzungen. Erfahren Sie, wie Global Voices Ihrem Unternehmen helfen kann!\" \/>\n<!-- \/ Yoast SEO plugin. -->","yoast_head_json":{"title":"\u00dcbersetzungsservices von Experten | Global Voices Schweiz","description":"Unsere \u00dcbersetzungsservices umfassen Desktop-Publishing und Website-\u00dcbersetzungen. Erfahren Sie, wie Global Voices Ihrem Unternehmen helfen kann!","robots":{"index":"index","follow":"follow","max-snippet":"max-snippet:-1","max-image-preview":"max-image-preview:large","max-video-preview":"max-video-preview:-1"},"canonical":"https:\/\/www.globalvoices.ch\/de\/uebersetzungsservices\/","twitter_card":"summary_large_image","twitter_title":"\u00dcbersetzungsservices von Experten | Global Voices Schweiz","twitter_description":"Unsere \u00dcbersetzungsservices umfassen Desktop-Publishing und Website-\u00dcbersetzungen. Erfahren Sie, wie Global Voices Ihrem Unternehmen helfen kann!","schema":{"@context":"https:\/\/schema.org","@graph":[{"@type":"WebSite","@id":"https:\/\/www.globalvoices.ch\/#website","url":"https:\/\/www.globalvoices.ch\/","name":"Global Voices","description":"Translation Agency &amp; Translation Services","potentialAction":[{"@type":"SearchAction","target":{"@type":"EntryPoint","urlTemplate":"https:\/\/www.globalvoices.ch\/?s={search_term_string}"},"query-input":"required name=search_term_string"}],"inLanguage":"de"},{"@type":"WebPage","@id":"https:\/\/www.globalvoices.ch\/de\/uebersetzungsservices\/#webpage","url":"https:\/\/www.globalvoices.ch\/de\/uebersetzungsservices\/","name":"\u00dcbersetzungsservices von Experten | Global Voices Schweiz","isPartOf":{"@id":"https:\/\/www.globalvoices.ch\/#website"},"datePublished":"2018-10-19T10:01:01+00:00","dateModified":"2021-07-19T09:09:16+00:00","description":"Unsere \u00dcbersetzungsservices umfassen Desktop-Publishing und Website-\u00dcbersetzungen. Erfahren Sie, wie Global Voices Ihrem Unternehmen helfen kann!","breadcrumb":{"@id":"https:\/\/www.globalvoices.ch\/de\/uebersetzungsservices\/#breadcrumb"},"inLanguage":"de","potentialAction":[{"@type":"ReadAction","target":["https:\/\/www.globalvoices.ch\/de\/uebersetzungsservices\/"]}]},{"@type":"BreadcrumbList","@id":"https:\/\/www.globalvoices.ch\/de\/uebersetzungsservices\/#breadcrumb","itemListElement":[{"@type":"ListItem","position":1,"name":"Home","item":"https:\/\/www.globalvoices.ch\/de\/"},{"@type":"ListItem","position":2,"name":"\u00dcbersetzungsservices SWDE"}]}]}},"_links":{"self":[{"href":"https:\/\/www.globalvoices.ch\/de\/wp-json\/wp\/v2\/pages\/27308"}],"collection":[{"href":"https:\/\/www.globalvoices.ch\/de\/wp-json\/wp\/v2\/pages"}],"about":[{"href":"https:\/\/www.globalvoices.ch\/de\/wp-json\/wp\/v2\/types\/page"}],"author":[{"embeddable":true,"href":"https:\/\/www.globalvoices.ch\/de\/wp-json\/wp\/v2\/users\/33"}],"replies":[{"embeddable":true,"href":"https:\/\/www.globalvoices.ch\/de\/wp-json\/wp\/v2\/comments?post=27308"}],"version-history":[{"count":6,"href":"https:\/\/www.globalvoices.ch\/de\/wp-json\/wp\/v2\/pages\/27308\/revisions"}],"predecessor-version":[{"id":31710,"href":"https:\/\/www.globalvoices.ch\/de\/wp-json\/wp\/v2\/pages\/27308\/revisions\/31710"}],"wp:attachment":[{"href":"https:\/\/www.globalvoices.ch\/de\/wp-json\/wp\/v2\/media?parent=27308"}],"curies":[{"name":"wp","href":"https:\/\/api.w.org\/{rel}","templated":true}]}}