{"id":27326,"date":"2018-12-06T17:39:40","date_gmt":"2018-12-06T17:39:40","guid":{"rendered":"https:\/\/www.globalvoices.ch\/public-sector-translation\/"},"modified":"2021-07-19T09:05:23","modified_gmt":"2021-07-19T09:05:23","slug":"oeffentliche-hand-uebersetzungen","status":"publish","type":"page","link":"https:\/\/www.globalvoices.ch\/de\/oeffentliche-hand-uebersetzungen\/","title":{"rendered":"\u00d6ffentliche Hand \u00dcbersetzungen SWDE"},"content":{"rendered":"","protected":false},"excerpt":{"rendered":"","protected":false},"author":33,"featured_media":0,"parent":0,"menu_order":0,"comment_status":"closed","ping_status":"closed","template":"page-modular.php","meta":[],"yoast_head":"<!-- This site is optimized with the Yoast SEO plugin v16.7 - https:\/\/yoast.com\/wordpress\/plugins\/seo\/ -->\n<title>\u00dcbersetzungen f\u00fcr die \u00f6ffentliche Hand | Global Voices Schweiz<\/title>\n<meta name=\"description\" content=\"Global Voices bietet professionelle Erfahrungen im Bereich von \u00dcbersetzungen f\u00fcr die \u00f6ffentliche Hand. Erfahren Sie mehr und fordern Sie ein Angebot an.\" \/>\n<meta name=\"robots\" content=\"index, follow, max-snippet:-1, max-image-preview:large, max-video-preview:-1\" \/>\n<link rel=\"canonical\" href=\"https:\/\/www.globalvoices.ch\/de\/oeffentliche-hand-uebersetzungen\/\" \/>\n<meta name=\"twitter:card\" content=\"summary_large_image\" \/>\n<meta name=\"twitter:title\" content=\"\u00dcbersetzungen f\u00fcr die \u00f6ffentliche Hand | Global Voices Schweiz\" \/>\n<meta name=\"twitter:description\" content=\"Global Voices bietet professionelle Erfahrungen im Bereich von \u00dcbersetzungen f\u00fcr die \u00f6ffentliche Hand. Erfahren Sie mehr und fordern Sie ein Angebot an.\" \/>\n<!-- \/ Yoast SEO plugin. -->","yoast_head_json":{"title":"\u00dcbersetzungen f\u00fcr die \u00f6ffentliche Hand | Global Voices Schweiz","description":"Global Voices bietet professionelle Erfahrungen im Bereich von \u00dcbersetzungen f\u00fcr die \u00f6ffentliche Hand. Erfahren Sie mehr und fordern Sie ein Angebot an.","robots":{"index":"index","follow":"follow","max-snippet":"max-snippet:-1","max-image-preview":"max-image-preview:large","max-video-preview":"max-video-preview:-1"},"canonical":"https:\/\/www.globalvoices.ch\/de\/oeffentliche-hand-uebersetzungen\/","twitter_card":"summary_large_image","twitter_title":"\u00dcbersetzungen f\u00fcr die \u00f6ffentliche Hand | Global Voices Schweiz","twitter_description":"Global Voices bietet professionelle Erfahrungen im Bereich von \u00dcbersetzungen f\u00fcr die \u00f6ffentliche Hand. Erfahren Sie mehr und fordern Sie ein Angebot an.","schema":{"@context":"https:\/\/schema.org","@graph":[{"@type":"WebSite","@id":"https:\/\/www.globalvoices.ch\/#website","url":"https:\/\/www.globalvoices.ch\/","name":"Global Voices","description":"Translation Agency &amp; Translation Services","potentialAction":[{"@type":"SearchAction","target":{"@type":"EntryPoint","urlTemplate":"https:\/\/www.globalvoices.ch\/?s={search_term_string}"},"query-input":"required name=search_term_string"}],"inLanguage":"de"},{"@type":"WebPage","@id":"https:\/\/www.globalvoices.ch\/de\/oeffentliche-hand-uebersetzungen\/#webpage","url":"https:\/\/www.globalvoices.ch\/de\/oeffentliche-hand-uebersetzungen\/","name":"\u00dcbersetzungen f\u00fcr die \u00f6ffentliche Hand | Global Voices Schweiz","isPartOf":{"@id":"https:\/\/www.globalvoices.ch\/#website"},"datePublished":"2018-12-06T17:39:40+00:00","dateModified":"2021-07-19T09:05:23+00:00","description":"Global Voices bietet professionelle Erfahrungen im Bereich von \u00dcbersetzungen f\u00fcr die \u00f6ffentliche Hand. Erfahren Sie mehr und fordern Sie ein Angebot an.","breadcrumb":{"@id":"https:\/\/www.globalvoices.ch\/de\/oeffentliche-hand-uebersetzungen\/#breadcrumb"},"inLanguage":"de","potentialAction":[{"@type":"ReadAction","target":["https:\/\/www.globalvoices.ch\/de\/oeffentliche-hand-uebersetzungen\/"]}]},{"@type":"BreadcrumbList","@id":"https:\/\/www.globalvoices.ch\/de\/oeffentliche-hand-uebersetzungen\/#breadcrumb","itemListElement":[{"@type":"ListItem","position":1,"name":"Home","item":"https:\/\/www.globalvoices.ch\/de\/"},{"@type":"ListItem","position":2,"name":"\u00d6ffentliche Hand \u00dcbersetzungen SWDE"}]}]}},"_links":{"self":[{"href":"https:\/\/www.globalvoices.ch\/de\/wp-json\/wp\/v2\/pages\/27326"}],"collection":[{"href":"https:\/\/www.globalvoices.ch\/de\/wp-json\/wp\/v2\/pages"}],"about":[{"href":"https:\/\/www.globalvoices.ch\/de\/wp-json\/wp\/v2\/types\/page"}],"author":[{"embeddable":true,"href":"https:\/\/www.globalvoices.ch\/de\/wp-json\/wp\/v2\/users\/33"}],"replies":[{"embeddable":true,"href":"https:\/\/www.globalvoices.ch\/de\/wp-json\/wp\/v2\/comments?post=27326"}],"version-history":[{"count":4,"href":"https:\/\/www.globalvoices.ch\/de\/wp-json\/wp\/v2\/pages\/27326\/revisions"}],"predecessor-version":[{"id":31691,"href":"https:\/\/www.globalvoices.ch\/de\/wp-json\/wp\/v2\/pages\/27326\/revisions\/31691"}],"wp:attachment":[{"href":"https:\/\/www.globalvoices.ch\/de\/wp-json\/wp\/v2\/media?parent=27326"}],"curies":[{"name":"wp","href":"https:\/\/api.w.org\/{rel}","templated":true}]}}