{"id":27496,"date":"2019-04-17T10:26:00","date_gmt":"2019-04-17T10:26:00","guid":{"rendered":"https:\/\/www.globalvoices.ch\/interpretation-services\/geneva\/"},"modified":"2021-07-19T08:57:09","modified_gmt":"2021-07-19T08:57:09","slug":"genf","status":"publish","type":"page","link":"https:\/\/www.globalvoices.ch\/de\/dolmetschservices\/genf\/","title":{"rendered":"Dolmetschservices Genf SWDE"},"content":{"rendered":"","protected":false},"excerpt":{"rendered":"","protected":false},"author":33,"featured_media":0,"parent":27275,"menu_order":0,"comment_status":"closed","ping_status":"closed","template":"page-modular.php","meta":[],"yoast_head":"<!-- This site is optimized with the Yoast SEO plugin v16.7 - https:\/\/yoast.com\/wordpress\/plugins\/seo\/ -->\n<title>Dolmetschservices Genf - Global Voices Schweiz<\/title>\n<meta name=\"description\" content=\"Global Voices ist auf \u00dcbersetzungen aus der Wissenschafts spezialisiert. Somit ist eine Zusammenarbeit mit uns g\u00fcnstig f\u00fcr Unternehmen in Genf, die \u00dcbersetzungen in Auftrag geben m\u00f6chten\" \/>\n<meta name=\"robots\" content=\"index, follow, max-snippet:-1, max-image-preview:large, max-video-preview:-1\" \/>\n<link rel=\"canonical\" href=\"https:\/\/www.globalvoices.ch\/de\/dolmetschservices\/genf\/\" \/>\n<meta name=\"twitter:card\" content=\"summary_large_image\" \/>\n<meta name=\"twitter:title\" content=\"Dolmetschservices Genf - Global Voices Schweiz\" \/>\n<meta name=\"twitter:description\" content=\"Global Voices ist auf \u00dcbersetzungen aus der Wissenschafts spezialisiert. Somit ist eine Zusammenarbeit mit uns g\u00fcnstig f\u00fcr Unternehmen in Genf, die \u00dcbersetzungen in Auftrag geben m\u00f6chten\" \/>\n<!-- \/ Yoast SEO plugin. -->","yoast_head_json":{"title":"Dolmetschservices Genf - Global Voices Schweiz","description":"Global Voices ist auf \u00dcbersetzungen aus der Wissenschafts spezialisiert. Somit ist eine Zusammenarbeit mit uns g\u00fcnstig f\u00fcr Unternehmen in Genf, die \u00dcbersetzungen in Auftrag geben m\u00f6chten","robots":{"index":"index","follow":"follow","max-snippet":"max-snippet:-1","max-image-preview":"max-image-preview:large","max-video-preview":"max-video-preview:-1"},"canonical":"https:\/\/www.globalvoices.ch\/de\/dolmetschservices\/genf\/","twitter_card":"summary_large_image","twitter_title":"Dolmetschservices Genf - Global Voices Schweiz","twitter_description":"Global Voices ist auf \u00dcbersetzungen aus der Wissenschafts spezialisiert. Somit ist eine Zusammenarbeit mit uns g\u00fcnstig f\u00fcr Unternehmen in Genf, die \u00dcbersetzungen in Auftrag geben m\u00f6chten","schema":{"@context":"https:\/\/schema.org","@graph":[{"@type":"WebSite","@id":"https:\/\/www.globalvoices.ch\/#website","url":"https:\/\/www.globalvoices.ch\/","name":"Global Voices","description":"Translation Agency &amp; Translation Services","potentialAction":[{"@type":"SearchAction","target":{"@type":"EntryPoint","urlTemplate":"https:\/\/www.globalvoices.ch\/?s={search_term_string}"},"query-input":"required name=search_term_string"}],"inLanguage":"de"},{"@type":"WebPage","@id":"https:\/\/www.globalvoices.ch\/de\/dolmetschservices\/genf\/#webpage","url":"https:\/\/www.globalvoices.ch\/de\/dolmetschservices\/genf\/","name":"Dolmetschservices Genf - Global Voices Schweiz","isPartOf":{"@id":"https:\/\/www.globalvoices.ch\/#website"},"datePublished":"2019-04-17T10:26:00+00:00","dateModified":"2021-07-19T08:57:09+00:00","description":"Global Voices ist auf \u00dcbersetzungen aus der Wissenschafts spezialisiert. Somit ist eine Zusammenarbeit mit uns g\u00fcnstig f\u00fcr Unternehmen in Genf, die \u00dcbersetzungen in Auftrag geben m\u00f6chten","breadcrumb":{"@id":"https:\/\/www.globalvoices.ch\/de\/dolmetschservices\/genf\/#breadcrumb"},"inLanguage":"de","potentialAction":[{"@type":"ReadAction","target":["https:\/\/www.globalvoices.ch\/de\/dolmetschservices\/genf\/"]}]},{"@type":"BreadcrumbList","@id":"https:\/\/www.globalvoices.ch\/de\/dolmetschservices\/genf\/#breadcrumb","itemListElement":[{"@type":"ListItem","position":1,"name":"Home","item":"https:\/\/www.globalvoices.ch\/de\/"},{"@type":"ListItem","position":2,"name":"Dolmetschservices SWDE","item":"https:\/\/www.globalvoices.ch\/de\/dolmetschservices\/"},{"@type":"ListItem","position":3,"name":"Dolmetschservices Genf SWDE"}]}]}},"_links":{"self":[{"href":"https:\/\/www.globalvoices.ch\/de\/wp-json\/wp\/v2\/pages\/27496"}],"collection":[{"href":"https:\/\/www.globalvoices.ch\/de\/wp-json\/wp\/v2\/pages"}],"about":[{"href":"https:\/\/www.globalvoices.ch\/de\/wp-json\/wp\/v2\/types\/page"}],"author":[{"embeddable":true,"href":"https:\/\/www.globalvoices.ch\/de\/wp-json\/wp\/v2\/users\/33"}],"replies":[{"embeddable":true,"href":"https:\/\/www.globalvoices.ch\/de\/wp-json\/wp\/v2\/comments?post=27496"}],"version-history":[{"count":6,"href":"https:\/\/www.globalvoices.ch\/de\/wp-json\/wp\/v2\/pages\/27496\/revisions"}],"predecessor-version":[{"id":31666,"href":"https:\/\/www.globalvoices.ch\/de\/wp-json\/wp\/v2\/pages\/27496\/revisions\/31666"}],"up":[{"embeddable":true,"href":"https:\/\/www.globalvoices.ch\/de\/wp-json\/wp\/v2\/pages\/27275"}],"wp:attachment":[{"href":"https:\/\/www.globalvoices.ch\/de\/wp-json\/wp\/v2\/media?parent=27496"}],"curies":[{"name":"wp","href":"https:\/\/api.w.org\/{rel}","templated":true}]}}