{"id":27510,"date":"2018-12-07T09:49:40","date_gmt":"2018-12-07T09:49:40","guid":{"rendered":"https:\/\/www.globalvoices.ch\/juristische-uebersetzungen\/intellectual-property-translation\/"},"modified":"2021-07-19T09:03:22","modified_gmt":"2021-07-19T09:03:22","slug":"geistiges-eigentum","status":"publish","type":"page","link":"https:\/\/www.globalvoices.ch\/de\/juristische-uebersetzungen\/geistiges-eigentum\/","title":{"rendered":"Geistiges Eigentum SWDE"},"content":{"rendered":"","protected":false},"excerpt":{"rendered":"","protected":false},"author":33,"featured_media":0,"parent":27296,"menu_order":0,"comment_status":"closed","ping_status":"closed","template":"page-modular.php","meta":[],"yoast_head":"<!-- This site is optimized with the Yoast SEO plugin v16.7 - https:\/\/yoast.com\/wordpress\/plugins\/seo\/ -->\n<title>\u00dcbersetzung von geistem Eigentum | Global Voices Schweiz<\/title>\n<meta name=\"description\" content=\"Die Sch\u00fctzung von geistigem Eigentum sind Ihre Markenprodukte auf der ganzen Welt gesch\u00fctzt. Wir \u00fcbersetzen die entsprechenden Dokumente. Hier informieren!\" \/>\n<meta name=\"robots\" content=\"index, follow, max-snippet:-1, max-image-preview:large, max-video-preview:-1\" \/>\n<link rel=\"canonical\" href=\"https:\/\/www.globalvoices.ch\/de\/juristische-uebersetzungen\/geistiges-eigentum\/\" \/>\n<meta name=\"twitter:card\" content=\"summary_large_image\" \/>\n<meta name=\"twitter:title\" content=\"\u00dcbersetzung von geistem Eigentum | Global Voices Schweiz\" \/>\n<meta name=\"twitter:description\" content=\"Die Sch\u00fctzung von geistigem Eigentum sind Ihre Markenprodukte auf der ganzen Welt gesch\u00fctzt. Wir \u00fcbersetzen die entsprechenden Dokumente. Hier informieren!\" \/>\n<!-- \/ Yoast SEO plugin. -->","yoast_head_json":{"title":"\u00dcbersetzung von geistem Eigentum | Global Voices Schweiz","description":"Die Sch\u00fctzung von geistigem Eigentum sind Ihre Markenprodukte auf der ganzen Welt gesch\u00fctzt. Wir \u00fcbersetzen die entsprechenden Dokumente. Hier informieren!","robots":{"index":"index","follow":"follow","max-snippet":"max-snippet:-1","max-image-preview":"max-image-preview:large","max-video-preview":"max-video-preview:-1"},"canonical":"https:\/\/www.globalvoices.ch\/de\/juristische-uebersetzungen\/geistiges-eigentum\/","twitter_card":"summary_large_image","twitter_title":"\u00dcbersetzung von geistem Eigentum | Global Voices Schweiz","twitter_description":"Die Sch\u00fctzung von geistigem Eigentum sind Ihre Markenprodukte auf der ganzen Welt gesch\u00fctzt. Wir \u00fcbersetzen die entsprechenden Dokumente. Hier informieren!","schema":{"@context":"https:\/\/schema.org","@graph":[{"@type":"WebSite","@id":"https:\/\/www.globalvoices.ch\/#website","url":"https:\/\/www.globalvoices.ch\/","name":"Global Voices","description":"Translation Agency &amp; Translation Services","potentialAction":[{"@type":"SearchAction","target":{"@type":"EntryPoint","urlTemplate":"https:\/\/www.globalvoices.ch\/?s={search_term_string}"},"query-input":"required name=search_term_string"}],"inLanguage":"de"},{"@type":"WebPage","@id":"https:\/\/www.globalvoices.ch\/de\/juristische-uebersetzungen\/geistiges-eigentum\/#webpage","url":"https:\/\/www.globalvoices.ch\/de\/juristische-uebersetzungen\/geistiges-eigentum\/","name":"\u00dcbersetzung von geistem Eigentum | Global Voices Schweiz","isPartOf":{"@id":"https:\/\/www.globalvoices.ch\/#website"},"datePublished":"2018-12-07T09:49:40+00:00","dateModified":"2021-07-19T09:03:22+00:00","description":"Die Sch\u00fctzung von geistigem Eigentum sind Ihre Markenprodukte auf der ganzen Welt gesch\u00fctzt. Wir \u00fcbersetzen die entsprechenden Dokumente. Hier informieren!","breadcrumb":{"@id":"https:\/\/www.globalvoices.ch\/de\/juristische-uebersetzungen\/geistiges-eigentum\/#breadcrumb"},"inLanguage":"de","potentialAction":[{"@type":"ReadAction","target":["https:\/\/www.globalvoices.ch\/de\/juristische-uebersetzungen\/geistiges-eigentum\/"]}]},{"@type":"BreadcrumbList","@id":"https:\/\/www.globalvoices.ch\/de\/juristische-uebersetzungen\/geistiges-eigentum\/#breadcrumb","itemListElement":[{"@type":"ListItem","position":1,"name":"Home","item":"https:\/\/www.globalvoices.ch\/de\/"},{"@type":"ListItem","position":2,"name":"Juristische \u00dcbersetzungen SWDE","item":"https:\/\/www.globalvoices.ch\/de\/juristische-uebersetzungen\/"},{"@type":"ListItem","position":3,"name":"Geistiges Eigentum SWDE"}]}]}},"_links":{"self":[{"href":"https:\/\/www.globalvoices.ch\/de\/wp-json\/wp\/v2\/pages\/27510"}],"collection":[{"href":"https:\/\/www.globalvoices.ch\/de\/wp-json\/wp\/v2\/pages"}],"about":[{"href":"https:\/\/www.globalvoices.ch\/de\/wp-json\/wp\/v2\/types\/page"}],"author":[{"embeddable":true,"href":"https:\/\/www.globalvoices.ch\/de\/wp-json\/wp\/v2\/users\/33"}],"replies":[{"embeddable":true,"href":"https:\/\/www.globalvoices.ch\/de\/wp-json\/wp\/v2\/comments?post=27510"}],"version-history":[{"count":3,"href":"https:\/\/www.globalvoices.ch\/de\/wp-json\/wp\/v2\/pages\/27510\/revisions"}],"predecessor-version":[{"id":31680,"href":"https:\/\/www.globalvoices.ch\/de\/wp-json\/wp\/v2\/pages\/27510\/revisions\/31680"}],"up":[{"embeddable":true,"href":"https:\/\/www.globalvoices.ch\/de\/wp-json\/wp\/v2\/pages\/27296"}],"wp:attachment":[{"href":"https:\/\/www.globalvoices.ch\/de\/wp-json\/wp\/v2\/media?parent=27510"}],"curies":[{"name":"wp","href":"https:\/\/api.w.org\/{rel}","templated":true}]}}