{"id":27517,"date":"2018-12-07T10:31:25","date_gmt":"2018-12-07T10:31:25","guid":{"rendered":"https:\/\/www.globalvoices.ch\/technologische-uebersetzungen\/software-translation\/"},"modified":"2021-07-19T09:07:41","modified_gmt":"2021-07-19T09:07:41","slug":"software","status":"publish","type":"page","link":"https:\/\/www.globalvoices.ch\/de\/technologische-uebersetzungen\/software\/","title":{"rendered":"Software \u00dcbersetzungen SWDE"},"content":{"rendered":"","protected":false},"excerpt":{"rendered":"","protected":false},"author":33,"featured_media":0,"parent":27317,"menu_order":0,"comment_status":"closed","ping_status":"closed","template":"page-modular.php","meta":[],"yoast_head":"<!-- This site is optimized with the Yoast SEO plugin v16.7 - https:\/\/yoast.com\/wordpress\/plugins\/seo\/ -->\n<title>Professionelle Software-\u00dcbersetzungen | Global Voices Schweiz<\/title>\n<meta name=\"description\" content=\"Wir bieten eine Reihe von professionellen \u00dcbersetzungsdienstleistungen f\u00fcr den Bereich der Softwareindustrie. Fordern Sie noch heute ein Angebot an.\" \/>\n<meta name=\"robots\" content=\"index, follow, max-snippet:-1, max-image-preview:large, max-video-preview:-1\" \/>\n<link rel=\"canonical\" href=\"https:\/\/www.globalvoices.ch\/de\/technologische-uebersetzungen\/software\/\" \/>\n<meta name=\"twitter:card\" content=\"summary_large_image\" \/>\n<meta name=\"twitter:title\" content=\"Professionelle Software-\u00dcbersetzungen | Global Voices Schweiz\" \/>\n<meta name=\"twitter:description\" content=\"Wir bieten eine Reihe von professionellen \u00dcbersetzungsdienstleistungen f\u00fcr den Bereich der Softwareindustrie. Fordern Sie noch heute ein Angebot an.\" \/>\n<!-- \/ Yoast SEO plugin. -->","yoast_head_json":{"title":"Professionelle Software-\u00dcbersetzungen | Global Voices Schweiz","description":"Wir bieten eine Reihe von professionellen \u00dcbersetzungsdienstleistungen f\u00fcr den Bereich der Softwareindustrie. Fordern Sie noch heute ein Angebot an.","robots":{"index":"index","follow":"follow","max-snippet":"max-snippet:-1","max-image-preview":"max-image-preview:large","max-video-preview":"max-video-preview:-1"},"canonical":"https:\/\/www.globalvoices.ch\/de\/technologische-uebersetzungen\/software\/","twitter_card":"summary_large_image","twitter_title":"Professionelle Software-\u00dcbersetzungen | Global Voices Schweiz","twitter_description":"Wir bieten eine Reihe von professionellen \u00dcbersetzungsdienstleistungen f\u00fcr den Bereich der Softwareindustrie. Fordern Sie noch heute ein Angebot an.","schema":{"@context":"https:\/\/schema.org","@graph":[{"@type":"WebSite","@id":"https:\/\/www.globalvoices.ch\/#website","url":"https:\/\/www.globalvoices.ch\/","name":"Global Voices","description":"Translation Agency &amp; Translation Services","potentialAction":[{"@type":"SearchAction","target":{"@type":"EntryPoint","urlTemplate":"https:\/\/www.globalvoices.ch\/?s={search_term_string}"},"query-input":"required name=search_term_string"}],"inLanguage":"de"},{"@type":"WebPage","@id":"https:\/\/www.globalvoices.ch\/de\/technologische-uebersetzungen\/software\/#webpage","url":"https:\/\/www.globalvoices.ch\/de\/technologische-uebersetzungen\/software\/","name":"Professionelle Software-\u00dcbersetzungen | Global Voices Schweiz","isPartOf":{"@id":"https:\/\/www.globalvoices.ch\/#website"},"datePublished":"2018-12-07T10:31:25+00:00","dateModified":"2021-07-19T09:07:41+00:00","description":"Wir bieten eine Reihe von professionellen \u00dcbersetzungsdienstleistungen f\u00fcr den Bereich der Softwareindustrie. Fordern Sie noch heute ein Angebot an.","breadcrumb":{"@id":"https:\/\/www.globalvoices.ch\/de\/technologische-uebersetzungen\/software\/#breadcrumb"},"inLanguage":"de","potentialAction":[{"@type":"ReadAction","target":["https:\/\/www.globalvoices.ch\/de\/technologische-uebersetzungen\/software\/"]}]},{"@type":"BreadcrumbList","@id":"https:\/\/www.globalvoices.ch\/de\/technologische-uebersetzungen\/software\/#breadcrumb","itemListElement":[{"@type":"ListItem","position":1,"name":"Home","item":"https:\/\/www.globalvoices.ch\/de\/"},{"@type":"ListItem","position":2,"name":"Technologische \u00dcbersetzungen SWDE","item":"https:\/\/www.globalvoices.ch\/de\/technologische-uebersetzungen\/"},{"@type":"ListItem","position":3,"name":"Software \u00dcbersetzungen SWDE"}]}]}},"_links":{"self":[{"href":"https:\/\/www.globalvoices.ch\/de\/wp-json\/wp\/v2\/pages\/27517"}],"collection":[{"href":"https:\/\/www.globalvoices.ch\/de\/wp-json\/wp\/v2\/pages"}],"about":[{"href":"https:\/\/www.globalvoices.ch\/de\/wp-json\/wp\/v2\/types\/page"}],"author":[{"embeddable":true,"href":"https:\/\/www.globalvoices.ch\/de\/wp-json\/wp\/v2\/users\/33"}],"replies":[{"embeddable":true,"href":"https:\/\/www.globalvoices.ch\/de\/wp-json\/wp\/v2\/comments?post=27517"}],"version-history":[{"count":3,"href":"https:\/\/www.globalvoices.ch\/de\/wp-json\/wp\/v2\/pages\/27517\/revisions"}],"predecessor-version":[{"id":31701,"href":"https:\/\/www.globalvoices.ch\/de\/wp-json\/wp\/v2\/pages\/27517\/revisions\/31701"}],"up":[{"embeddable":true,"href":"https:\/\/www.globalvoices.ch\/de\/wp-json\/wp\/v2\/pages\/27317"}],"wp:attachment":[{"href":"https:\/\/www.globalvoices.ch\/de\/wp-json\/wp\/v2\/media?parent=27517"}],"curies":[{"name":"wp","href":"https:\/\/api.w.org\/{rel}","templated":true}]}}