{"id":31319,"date":"2018-12-06T17:24:23","date_gmt":"2018-12-06T17:24:23","guid":{"rendered":"https:\/\/www.globalvoices.ch\/lokalisierung\/software-localisation\/"},"modified":"2021-07-19T09:04:38","modified_gmt":"2021-07-19T09:04:38","slug":"softwarelokalisierung","status":"publish","type":"page","link":"https:\/\/www.globalvoices.ch\/de\/lokalisierung\/softwarelokalisierung\/","title":{"rendered":"Softwarelokalisierung SWDE"},"content":{"rendered":"","protected":false},"excerpt":{"rendered":"","protected":false},"author":33,"featured_media":0,"parent":27302,"menu_order":0,"comment_status":"closed","ping_status":"closed","template":"page-modular.php","meta":[],"yoast_head":"<!-- This site is optimized with the Yoast SEO plugin v16.7 - https:\/\/yoast.com\/wordpress\/plugins\/seo\/ -->\n<title>Softwarelokalisierung und -\u00fcbersetzungen | Global Voices<\/title>\n<meta name=\"description\" content=\"Ist Ihr Unternehmen international t\u00e4tig? Ben\u00f6tigen Sie Dienstleistungen zur Softwarelokalisierung? Wir sind auf \u00fcber 150 Sprachen spezialisiert.\" \/>\n<meta name=\"robots\" content=\"index, follow, max-snippet:-1, max-image-preview:large, max-video-preview:-1\" \/>\n<link rel=\"canonical\" href=\"https:\/\/www.globalvoices.ch\/de\/lokalisierung\/softwarelokalisierung\/\" \/>\n<meta name=\"twitter:card\" content=\"summary_large_image\" \/>\n<meta name=\"twitter:title\" content=\"Softwarelokalisierung und -\u00fcbersetzungen | Global Voices\" \/>\n<meta name=\"twitter:description\" content=\"Ist Ihr Unternehmen international t\u00e4tig? Ben\u00f6tigen Sie Dienstleistungen zur Softwarelokalisierung? Wir sind auf \u00fcber 150 Sprachen spezialisiert.\" \/>\n<!-- \/ Yoast SEO plugin. -->","yoast_head_json":{"title":"Softwarelokalisierung und -\u00fcbersetzungen | Global Voices","description":"Ist Ihr Unternehmen international t\u00e4tig? Ben\u00f6tigen Sie Dienstleistungen zur Softwarelokalisierung? Wir sind auf \u00fcber 150 Sprachen spezialisiert.","robots":{"index":"index","follow":"follow","max-snippet":"max-snippet:-1","max-image-preview":"max-image-preview:large","max-video-preview":"max-video-preview:-1"},"canonical":"https:\/\/www.globalvoices.ch\/de\/lokalisierung\/softwarelokalisierung\/","twitter_card":"summary_large_image","twitter_title":"Softwarelokalisierung und -\u00fcbersetzungen | Global Voices","twitter_description":"Ist Ihr Unternehmen international t\u00e4tig? Ben\u00f6tigen Sie Dienstleistungen zur Softwarelokalisierung? Wir sind auf \u00fcber 150 Sprachen spezialisiert.","schema":{"@context":"https:\/\/schema.org","@graph":[{"@type":"WebSite","@id":"https:\/\/www.globalvoices.ch\/#website","url":"https:\/\/www.globalvoices.ch\/","name":"Global Voices","description":"Translation Agency &amp; Translation Services","potentialAction":[{"@type":"SearchAction","target":{"@type":"EntryPoint","urlTemplate":"https:\/\/www.globalvoices.ch\/?s={search_term_string}"},"query-input":"required name=search_term_string"}],"inLanguage":"de"},{"@type":"WebPage","@id":"https:\/\/www.globalvoices.ch\/de\/lokalisierung\/softwarelokalisierung\/#webpage","url":"https:\/\/www.globalvoices.ch\/de\/lokalisierung\/softwarelokalisierung\/","name":"Softwarelokalisierung und -\u00fcbersetzungen | Global Voices","isPartOf":{"@id":"https:\/\/www.globalvoices.ch\/#website"},"datePublished":"2018-12-06T17:24:23+00:00","dateModified":"2021-07-19T09:04:38+00:00","description":"Ist Ihr Unternehmen international t\u00e4tig? Ben\u00f6tigen Sie Dienstleistungen zur Softwarelokalisierung? Wir sind auf \u00fcber 150 Sprachen spezialisiert.","breadcrumb":{"@id":"https:\/\/www.globalvoices.ch\/de\/lokalisierung\/softwarelokalisierung\/#breadcrumb"},"inLanguage":"de","potentialAction":[{"@type":"ReadAction","target":["https:\/\/www.globalvoices.ch\/de\/lokalisierung\/softwarelokalisierung\/"]}]},{"@type":"BreadcrumbList","@id":"https:\/\/www.globalvoices.ch\/de\/lokalisierung\/softwarelokalisierung\/#breadcrumb","itemListElement":[{"@type":"ListItem","position":1,"name":"Home","item":"https:\/\/www.globalvoices.ch\/de\/"},{"@type":"ListItem","position":2,"name":"Lokalisierung SWDE","item":"https:\/\/www.globalvoices.ch\/de\/lokalisierung\/"},{"@type":"ListItem","position":3,"name":"Softwarelokalisierung SWDE"}]}]}},"_links":{"self":[{"href":"https:\/\/www.globalvoices.ch\/de\/wp-json\/wp\/v2\/pages\/31319"}],"collection":[{"href":"https:\/\/www.globalvoices.ch\/de\/wp-json\/wp\/v2\/pages"}],"about":[{"href":"https:\/\/www.globalvoices.ch\/de\/wp-json\/wp\/v2\/types\/page"}],"author":[{"embeddable":true,"href":"https:\/\/www.globalvoices.ch\/de\/wp-json\/wp\/v2\/users\/33"}],"replies":[{"embeddable":true,"href":"https:\/\/www.globalvoices.ch\/de\/wp-json\/wp\/v2\/comments?post=31319"}],"version-history":[{"count":4,"href":"https:\/\/www.globalvoices.ch\/de\/wp-json\/wp\/v2\/pages\/31319\/revisions"}],"predecessor-version":[{"id":31687,"href":"https:\/\/www.globalvoices.ch\/de\/wp-json\/wp\/v2\/pages\/31319\/revisions\/31687"}],"up":[{"embeddable":true,"href":"https:\/\/www.globalvoices.ch\/de\/wp-json\/wp\/v2\/pages\/27302"}],"wp:attachment":[{"href":"https:\/\/www.globalvoices.ch\/de\/wp-json\/wp\/v2\/media?parent=31319"}],"curies":[{"name":"wp","href":"https:\/\/api.w.org\/{rel}","templated":true}]}}