{"id":31362,"date":"2019-01-02T10:45:28","date_gmt":"2019-01-02T10:45:28","guid":{"rendered":"https:\/\/www.globalvoices.ch\/uebersetzungsservices\/back-translation\/"},"modified":"2021-07-19T09:10:17","modified_gmt":"2021-07-19T09:10:17","slug":"rueckuebersetzung","status":"publish","type":"page","link":"https:\/\/www.globalvoices.ch\/de\/uebersetzungsservices\/rueckuebersetzung\/","title":{"rendered":"R\u00fcck\u00fcbersetzung SWDE"},"content":{"rendered":"","protected":false},"excerpt":{"rendered":"","protected":false},"author":33,"featured_media":0,"parent":27308,"menu_order":0,"comment_status":"closed","ping_status":"closed","template":"page-modular.php","meta":[],"yoast_head":"<!-- This site is optimized with the Yoast SEO plugin v16.7 - https:\/\/yoast.com\/wordpress\/plugins\/seo\/ -->\n<title>Qualitativ hochwertige R\u00fcck\u00fcbersetzung - Global Voices<\/title>\n<meta name=\"description\" content=\"Unsere \u00dcbersetzungsservices umfassen R\u00fcck\u00fcbersetzungen. Erfahren Sie, wie Global Voices die Reichweite Ihres Unternehmens effektiv erweitern kann!\" \/>\n<meta name=\"robots\" content=\"index, follow, max-snippet:-1, max-image-preview:large, max-video-preview:-1\" \/>\n<link rel=\"canonical\" href=\"https:\/\/www.globalvoices.ch\/de\/uebersetzungsservices\/rueckuebersetzung\/\" \/>\n<meta name=\"twitter:card\" content=\"summary_large_image\" \/>\n<meta name=\"twitter:title\" content=\"Qualitativ hochwertige R\u00fcck\u00fcbersetzung - Global Voices\" \/>\n<meta name=\"twitter:description\" content=\"Unsere \u00dcbersetzungsservices umfassen R\u00fcck\u00fcbersetzungen. Erfahren Sie, wie Global Voices die Reichweite Ihres Unternehmens effektiv erweitern kann!\" \/>\n<!-- \/ Yoast SEO plugin. -->","yoast_head_json":{"title":"Qualitativ hochwertige R\u00fcck\u00fcbersetzung - Global Voices","description":"Unsere \u00dcbersetzungsservices umfassen R\u00fcck\u00fcbersetzungen. Erfahren Sie, wie Global Voices die Reichweite Ihres Unternehmens effektiv erweitern kann!","robots":{"index":"index","follow":"follow","max-snippet":"max-snippet:-1","max-image-preview":"max-image-preview:large","max-video-preview":"max-video-preview:-1"},"canonical":"https:\/\/www.globalvoices.ch\/de\/uebersetzungsservices\/rueckuebersetzung\/","twitter_card":"summary_large_image","twitter_title":"Qualitativ hochwertige R\u00fcck\u00fcbersetzung - Global Voices","twitter_description":"Unsere \u00dcbersetzungsservices umfassen R\u00fcck\u00fcbersetzungen. Erfahren Sie, wie Global Voices die Reichweite Ihres Unternehmens effektiv erweitern kann!","schema":{"@context":"https:\/\/schema.org","@graph":[{"@type":"WebSite","@id":"https:\/\/www.globalvoices.ch\/#website","url":"https:\/\/www.globalvoices.ch\/","name":"Global Voices","description":"Translation Agency &amp; Translation Services","potentialAction":[{"@type":"SearchAction","target":{"@type":"EntryPoint","urlTemplate":"https:\/\/www.globalvoices.ch\/?s={search_term_string}"},"query-input":"required name=search_term_string"}],"inLanguage":"de"},{"@type":"WebPage","@id":"https:\/\/www.globalvoices.ch\/de\/uebersetzungsservices\/rueckuebersetzung\/#webpage","url":"https:\/\/www.globalvoices.ch\/de\/uebersetzungsservices\/rueckuebersetzung\/","name":"Qualitativ hochwertige R\u00fcck\u00fcbersetzung - Global Voices","isPartOf":{"@id":"https:\/\/www.globalvoices.ch\/#website"},"datePublished":"2019-01-02T10:45:28+00:00","dateModified":"2021-07-19T09:10:17+00:00","description":"Unsere \u00dcbersetzungsservices umfassen R\u00fcck\u00fcbersetzungen. Erfahren Sie, wie Global Voices die Reichweite Ihres Unternehmens effektiv erweitern kann!","breadcrumb":{"@id":"https:\/\/www.globalvoices.ch\/de\/uebersetzungsservices\/rueckuebersetzung\/#breadcrumb"},"inLanguage":"de","potentialAction":[{"@type":"ReadAction","target":["https:\/\/www.globalvoices.ch\/de\/uebersetzungsservices\/rueckuebersetzung\/"]}]},{"@type":"BreadcrumbList","@id":"https:\/\/www.globalvoices.ch\/de\/uebersetzungsservices\/rueckuebersetzung\/#breadcrumb","itemListElement":[{"@type":"ListItem","position":1,"name":"Home","item":"https:\/\/www.globalvoices.ch\/de\/"},{"@type":"ListItem","position":2,"name":"\u00dcbersetzungsservices SWDE","item":"https:\/\/www.globalvoices.ch\/de\/uebersetzungsservices\/"},{"@type":"ListItem","position":3,"name":"R\u00fcck\u00fcbersetzung SWDE"}]}]}},"_links":{"self":[{"href":"https:\/\/www.globalvoices.ch\/de\/wp-json\/wp\/v2\/pages\/31362"}],"collection":[{"href":"https:\/\/www.globalvoices.ch\/de\/wp-json\/wp\/v2\/pages"}],"about":[{"href":"https:\/\/www.globalvoices.ch\/de\/wp-json\/wp\/v2\/types\/page"}],"author":[{"embeddable":true,"href":"https:\/\/www.globalvoices.ch\/de\/wp-json\/wp\/v2\/users\/33"}],"replies":[{"embeddable":true,"href":"https:\/\/www.globalvoices.ch\/de\/wp-json\/wp\/v2\/comments?post=31362"}],"version-history":[{"count":3,"href":"https:\/\/www.globalvoices.ch\/de\/wp-json\/wp\/v2\/pages\/31362\/revisions"}],"predecessor-version":[{"id":31715,"href":"https:\/\/www.globalvoices.ch\/de\/wp-json\/wp\/v2\/pages\/31362\/revisions\/31715"}],"up":[{"embeddable":true,"href":"https:\/\/www.globalvoices.ch\/de\/wp-json\/wp\/v2\/pages\/27308"}],"wp:attachment":[{"href":"https:\/\/www.globalvoices.ch\/de\/wp-json\/wp\/v2\/media?parent=31362"}],"curies":[{"name":"wp","href":"https:\/\/api.w.org\/{rel}","templated":true}]}}