{"id":31532,"date":"2020-10-29T10:08:35","date_gmt":"2020-10-29T10:08:35","guid":{"rendered":"https:\/\/www.globalvoices.ch\/?page_id=31532"},"modified":"2021-07-19T09:11:07","modified_gmt":"2021-07-19T09:11:07","slug":"lausanne","status":"publish","type":"page","link":"https:\/\/www.globalvoices.ch\/de\/uebersetzungsservices\/lausanne\/","title":{"rendered":"\u00dcbersetzungsdienst Lausanne SWDE"},"content":{"rendered":"","protected":false},"excerpt":{"rendered":"","protected":false},"author":33,"featured_media":0,"parent":27308,"menu_order":0,"comment_status":"closed","ping_status":"closed","template":"page-modular.php","meta":[],"yoast_head":"<!-- This site is optimized with the Yoast SEO plugin v16.7 - https:\/\/yoast.com\/wordpress\/plugins\/seo\/ -->\n<title>\u00dcbersetzungsdienst Lausanne - Global Voices Schweiz<\/title>\n<meta name=\"description\" content=\"Mit unseren in allen Bereichen erfahrenen Linguisten und ihrem Wissen \u00fcber Life Science, Technologie und \u00dcbersetzungen f\u00fcr \u00f6ffentliche Zentren kann Global Voices eine gro\u00dfe Hilfe f\u00fcr in Lausanne ans\u00e4ssige Unternehmen sein.\" \/>\n<meta name=\"robots\" content=\"index, follow, max-snippet:-1, max-image-preview:large, max-video-preview:-1\" \/>\n<link rel=\"canonical\" href=\"https:\/\/www.globalvoices.ch\/de\/uebersetzungsservices\/lausanne\/\" \/>\n<meta name=\"twitter:card\" content=\"summary_large_image\" \/>\n<meta name=\"twitter:title\" content=\"\u00dcbersetzungsdienst Lausanne - Global Voices Schweiz\" \/>\n<meta name=\"twitter:description\" content=\"Mit unseren in allen Bereichen erfahrenen Linguisten und ihrem Wissen \u00fcber Life Science, Technologie und \u00dcbersetzungen f\u00fcr \u00f6ffentliche Zentren kann Global Voices eine gro\u00dfe Hilfe f\u00fcr in Lausanne ans\u00e4ssige Unternehmen sein.\" \/>\n<!-- \/ Yoast SEO plugin. -->","yoast_head_json":{"title":"\u00dcbersetzungsdienst Lausanne - Global Voices Schweiz","description":"Mit unseren in allen Bereichen erfahrenen Linguisten und ihrem Wissen \u00fcber Life Science, Technologie und \u00dcbersetzungen f\u00fcr \u00f6ffentliche Zentren kann Global Voices eine gro\u00dfe Hilfe f\u00fcr in Lausanne ans\u00e4ssige Unternehmen sein.","robots":{"index":"index","follow":"follow","max-snippet":"max-snippet:-1","max-image-preview":"max-image-preview:large","max-video-preview":"max-video-preview:-1"},"canonical":"https:\/\/www.globalvoices.ch\/de\/uebersetzungsservices\/lausanne\/","twitter_card":"summary_large_image","twitter_title":"\u00dcbersetzungsdienst Lausanne - Global Voices Schweiz","twitter_description":"Mit unseren in allen Bereichen erfahrenen Linguisten und ihrem Wissen \u00fcber Life Science, Technologie und \u00dcbersetzungen f\u00fcr \u00f6ffentliche Zentren kann Global Voices eine gro\u00dfe Hilfe f\u00fcr in Lausanne ans\u00e4ssige Unternehmen sein.","schema":{"@context":"https:\/\/schema.org","@graph":[{"@type":"WebSite","@id":"https:\/\/www.globalvoices.ch\/#website","url":"https:\/\/www.globalvoices.ch\/","name":"Global Voices","description":"Translation Agency &amp; Translation Services","potentialAction":[{"@type":"SearchAction","target":{"@type":"EntryPoint","urlTemplate":"https:\/\/www.globalvoices.ch\/?s={search_term_string}"},"query-input":"required name=search_term_string"}],"inLanguage":"de"},{"@type":"WebPage","@id":"https:\/\/www.globalvoices.ch\/de\/uebersetzungsservices\/lausanne\/#webpage","url":"https:\/\/www.globalvoices.ch\/de\/uebersetzungsservices\/lausanne\/","name":"\u00dcbersetzungsdienst Lausanne - Global Voices Schweiz","isPartOf":{"@id":"https:\/\/www.globalvoices.ch\/#website"},"datePublished":"2020-10-29T10:08:35+00:00","dateModified":"2021-07-19T09:11:07+00:00","description":"Mit unseren in allen Bereichen erfahrenen Linguisten und ihrem Wissen \u00fcber Life Science, Technologie und \u00dcbersetzungen f\u00fcr \u00f6ffentliche Zentren kann Global Voices eine gro\u00dfe Hilfe f\u00fcr in Lausanne ans\u00e4ssige Unternehmen sein.","breadcrumb":{"@id":"https:\/\/www.globalvoices.ch\/de\/uebersetzungsservices\/lausanne\/#breadcrumb"},"inLanguage":"de","potentialAction":[{"@type":"ReadAction","target":["https:\/\/www.globalvoices.ch\/de\/uebersetzungsservices\/lausanne\/"]}]},{"@type":"BreadcrumbList","@id":"https:\/\/www.globalvoices.ch\/de\/uebersetzungsservices\/lausanne\/#breadcrumb","itemListElement":[{"@type":"ListItem","position":1,"name":"Home","item":"https:\/\/www.globalvoices.ch\/de\/"},{"@type":"ListItem","position":2,"name":"\u00dcbersetzungsservices SWDE","item":"https:\/\/www.globalvoices.ch\/de\/uebersetzungsservices\/"},{"@type":"ListItem","position":3,"name":"\u00dcbersetzungsdienst Lausanne SWDE"}]}]}},"_links":{"self":[{"href":"https:\/\/www.globalvoices.ch\/de\/wp-json\/wp\/v2\/pages\/31532"}],"collection":[{"href":"https:\/\/www.globalvoices.ch\/de\/wp-json\/wp\/v2\/pages"}],"about":[{"href":"https:\/\/www.globalvoices.ch\/de\/wp-json\/wp\/v2\/types\/page"}],"author":[{"embeddable":true,"href":"https:\/\/www.globalvoices.ch\/de\/wp-json\/wp\/v2\/users\/33"}],"replies":[{"embeddable":true,"href":"https:\/\/www.globalvoices.ch\/de\/wp-json\/wp\/v2\/comments?post=31532"}],"version-history":[{"count":2,"href":"https:\/\/www.globalvoices.ch\/de\/wp-json\/wp\/v2\/pages\/31532\/revisions"}],"predecessor-version":[{"id":31720,"href":"https:\/\/www.globalvoices.ch\/de\/wp-json\/wp\/v2\/pages\/31532\/revisions\/31720"}],"up":[{"embeddable":true,"href":"https:\/\/www.globalvoices.ch\/de\/wp-json\/wp\/v2\/pages\/27308"}],"wp:attachment":[{"href":"https:\/\/www.globalvoices.ch\/de\/wp-json\/wp\/v2\/media?parent=31532"}],"curies":[{"name":"wp","href":"https:\/\/api.w.org\/{rel}","templated":true}]}}