{"id":27140,"date":"2018-12-06T17:00:38","date_gmt":"2018-12-06T17:00:38","guid":{"rendered":"https:\/\/www.globalvoices.ch\/interpretation-services\/consecutive-interpretation\/"},"modified":"2021-08-11T09:02:00","modified_gmt":"2021-08-11T09:02:00","slug":"interpretation-consecutive","status":"publish","type":"page","link":"https:\/\/www.globalvoices.ch\/fr\/services-interpretariat\/interpretation-consecutive\/","title":{"rendered":"Interpr\u00e9tation cons\u00e9cutive SWFR"},"content":{"rendered":"","protected":false},"excerpt":{"rendered":"","protected":false},"author":38,"featured_media":0,"parent":27134,"menu_order":0,"comment_status":"closed","ping_status":"closed","template":"page-modular.php","meta":[],"yoast_head":"<!-- This site is optimized with the Yoast SEO plugin v16.7 - https:\/\/yoast.com\/wordpress\/plugins\/seo\/ -->\n<title>Interpr\u00e9tariat Cons\u00e9cutif | Global Voices Suisse<\/title>\n<meta name=\"description\" content=\"Global Voices propose des services d&#039;interpr\u00e9tariat cons\u00e9cutif dans plusieurs langues pour toutes les situations.\" \/>\n<meta name=\"robots\" content=\"index, follow, max-snippet:-1, max-image-preview:large, max-video-preview:-1\" \/>\n<link rel=\"canonical\" href=\"https:\/\/www.globalvoices.ch\/fr\/services-interpretariat\/interpretation-consecutive\/\" \/>\n<meta name=\"twitter:card\" content=\"summary_large_image\" \/>\n<meta name=\"twitter:title\" content=\"Interpr\u00e9tariat Cons\u00e9cutif | Global Voices Suisse\" \/>\n<meta name=\"twitter:description\" content=\"Global Voices propose des services d&#039;interpr\u00e9tariat cons\u00e9cutif dans plusieurs langues pour toutes les situations.\" \/>\n<!-- \/ Yoast SEO plugin. -->","yoast_head_json":{"title":"Interpr\u00e9tariat Cons\u00e9cutif | Global Voices Suisse","description":"Global Voices propose des services d'interpr\u00e9tariat cons\u00e9cutif dans plusieurs langues pour toutes les situations.","robots":{"index":"index","follow":"follow","max-snippet":"max-snippet:-1","max-image-preview":"max-image-preview:large","max-video-preview":"max-video-preview:-1"},"canonical":"https:\/\/www.globalvoices.ch\/fr\/services-interpretariat\/interpretation-consecutive\/","twitter_card":"summary_large_image","twitter_title":"Interpr\u00e9tariat Cons\u00e9cutif | Global Voices Suisse","twitter_description":"Global Voices propose des services d'interpr\u00e9tariat cons\u00e9cutif dans plusieurs langues pour toutes les situations.","schema":{"@context":"https:\/\/schema.org","@graph":[{"@type":"WebSite","@id":"https:\/\/www.globalvoices.ch\/#website","url":"https:\/\/www.globalvoices.ch\/","name":"Global Voices","description":"Translation Agency &amp; Translation Services","potentialAction":[{"@type":"SearchAction","target":{"@type":"EntryPoint","urlTemplate":"https:\/\/www.globalvoices.ch\/?s={search_term_string}"},"query-input":"required name=search_term_string"}],"inLanguage":"fr-FR"},{"@type":"WebPage","@id":"https:\/\/www.globalvoices.ch\/fr\/services-interpretariat\/interpretation-consecutive\/#webpage","url":"https:\/\/www.globalvoices.ch\/fr\/services-interpretariat\/interpretation-consecutive\/","name":"Interpr\u00e9tariat Cons\u00e9cutif | Global Voices Suisse","isPartOf":{"@id":"https:\/\/www.globalvoices.ch\/#website"},"datePublished":"2018-12-06T17:00:38+00:00","dateModified":"2021-08-11T09:02:00+00:00","description":"Global Voices propose des services d'interpr\u00e9tariat cons\u00e9cutif dans plusieurs langues pour toutes les situations.","breadcrumb":{"@id":"https:\/\/www.globalvoices.ch\/fr\/services-interpretariat\/interpretation-consecutive\/#breadcrumb"},"inLanguage":"fr-FR","potentialAction":[{"@type":"ReadAction","target":["https:\/\/www.globalvoices.ch\/fr\/services-interpretariat\/interpretation-consecutive\/"]}]},{"@type":"BreadcrumbList","@id":"https:\/\/www.globalvoices.ch\/fr\/services-interpretariat\/interpretation-consecutive\/#breadcrumb","itemListElement":[{"@type":"ListItem","position":1,"name":"Home","item":"https:\/\/www.globalvoices.ch\/fr\/"},{"@type":"ListItem","position":2,"name":"Services d\u2019interpr\u00e9tariat SWFR","item":"https:\/\/www.globalvoices.ch\/fr\/services-interpretariat\/"},{"@type":"ListItem","position":3,"name":"Interpr\u00e9tation cons\u00e9cutive SWFR"}]}]}},"_links":{"self":[{"href":"https:\/\/www.globalvoices.ch\/fr\/wp-json\/wp\/v2\/pages\/27140"}],"collection":[{"href":"https:\/\/www.globalvoices.ch\/fr\/wp-json\/wp\/v2\/pages"}],"about":[{"href":"https:\/\/www.globalvoices.ch\/fr\/wp-json\/wp\/v2\/types\/page"}],"author":[{"embeddable":true,"href":"https:\/\/www.globalvoices.ch\/fr\/wp-json\/wp\/v2\/users\/38"}],"replies":[{"embeddable":true,"href":"https:\/\/www.globalvoices.ch\/fr\/wp-json\/wp\/v2\/comments?post=27140"}],"version-history":[{"count":5,"href":"https:\/\/www.globalvoices.ch\/fr\/wp-json\/wp\/v2\/pages\/27140\/revisions"}],"predecessor-version":[{"id":31936,"href":"https:\/\/www.globalvoices.ch\/fr\/wp-json\/wp\/v2\/pages\/27140\/revisions\/31936"}],"up":[{"embeddable":true,"href":"https:\/\/www.globalvoices.ch\/fr\/wp-json\/wp\/v2\/pages\/27134"}],"wp:attachment":[{"href":"https:\/\/www.globalvoices.ch\/fr\/wp-json\/wp\/v2\/media?parent=27140"}],"curies":[{"name":"wp","href":"https:\/\/api.w.org\/{rel}","templated":true}]}}