{"id":27143,"date":"2018-12-06T17:02:10","date_gmt":"2018-12-06T17:02:10","guid":{"rendered":"https:\/\/www.globalvoices.ch\/interpretation-services\/medical-interpreting-service\/"},"modified":"2021-08-11T09:01:14","modified_gmt":"2021-08-11T09:01:14","slug":"interpretariat-pour-le-secteur-medical","status":"publish","type":"page","link":"https:\/\/www.globalvoices.ch\/fr\/services-interpretariat\/interpretariat-pour-le-secteur-medical\/","title":{"rendered":"Interpr\u00e9tariat pour le secteur m\u00e9dical SWFR"},"content":{"rendered":"","protected":false},"excerpt":{"rendered":"","protected":false},"author":38,"featured_media":0,"parent":27134,"menu_order":0,"comment_status":"closed","ping_status":"closed","template":"page-modular.php","meta":[],"yoast_head":"<!-- This site is optimized with the Yoast SEO plugin v16.7 - https:\/\/yoast.com\/wordpress\/plugins\/seo\/ -->\n<title>Interpr\u00e8te M\u00e9dical : Service Interpr\u00e9tariat M\u00e9decine | Global Voices Suisse<\/title>\n<meta name=\"description\" content=\"Vous \u00eates \u00e0 la recherche d&#039;un interpr\u00e8te m\u00e9dical ? Global Voices dispose d&#039;un service d&#039;interpr\u00e9tariat sp\u00e9cialis\u00e9 dans la m\u00e9decine et le secteur m\u00e9dical.\" \/>\n<meta name=\"robots\" content=\"index, follow, max-snippet:-1, max-image-preview:large, max-video-preview:-1\" \/>\n<link rel=\"canonical\" href=\"https:\/\/www.globalvoices.ch\/fr\/services-interpretariat\/interpretariat-pour-le-secteur-medical\/\" \/>\n<meta name=\"twitter:card\" content=\"summary_large_image\" \/>\n<meta name=\"twitter:title\" content=\"Interpr\u00e8te M\u00e9dical : Service Interpr\u00e9tariat M\u00e9decine | Global Voices Suisse\" \/>\n<meta name=\"twitter:description\" content=\"Vous \u00eates \u00e0 la recherche d&#039;un interpr\u00e8te m\u00e9dical ? Global Voices dispose d&#039;un service d&#039;interpr\u00e9tariat sp\u00e9cialis\u00e9 dans la m\u00e9decine et le secteur m\u00e9dical.\" \/>\n<!-- \/ Yoast SEO plugin. -->","yoast_head_json":{"title":"Interpr\u00e8te M\u00e9dical : Service Interpr\u00e9tariat M\u00e9decine | Global Voices Suisse","description":"Vous \u00eates \u00e0 la recherche d'un interpr\u00e8te m\u00e9dical ? Global Voices dispose d'un service d'interpr\u00e9tariat sp\u00e9cialis\u00e9 dans la m\u00e9decine et le secteur m\u00e9dical.","robots":{"index":"index","follow":"follow","max-snippet":"max-snippet:-1","max-image-preview":"max-image-preview:large","max-video-preview":"max-video-preview:-1"},"canonical":"https:\/\/www.globalvoices.ch\/fr\/services-interpretariat\/interpretariat-pour-le-secteur-medical\/","twitter_card":"summary_large_image","twitter_title":"Interpr\u00e8te M\u00e9dical : Service Interpr\u00e9tariat M\u00e9decine | Global Voices Suisse","twitter_description":"Vous \u00eates \u00e0 la recherche d'un interpr\u00e8te m\u00e9dical ? Global Voices dispose d'un service d'interpr\u00e9tariat sp\u00e9cialis\u00e9 dans la m\u00e9decine et le secteur m\u00e9dical.","schema":{"@context":"https:\/\/schema.org","@graph":[{"@type":"WebSite","@id":"https:\/\/www.globalvoices.ch\/#website","url":"https:\/\/www.globalvoices.ch\/","name":"Global Voices","description":"Translation Agency &amp; Translation Services","potentialAction":[{"@type":"SearchAction","target":{"@type":"EntryPoint","urlTemplate":"https:\/\/www.globalvoices.ch\/?s={search_term_string}"},"query-input":"required name=search_term_string"}],"inLanguage":"fr-FR"},{"@type":"WebPage","@id":"https:\/\/www.globalvoices.ch\/fr\/services-interpretariat\/interpretariat-pour-le-secteur-medical\/#webpage","url":"https:\/\/www.globalvoices.ch\/fr\/services-interpretariat\/interpretariat-pour-le-secteur-medical\/","name":"Interpr\u00e8te M\u00e9dical : Service Interpr\u00e9tariat M\u00e9decine | Global Voices Suisse","isPartOf":{"@id":"https:\/\/www.globalvoices.ch\/#website"},"datePublished":"2018-12-06T17:02:10+00:00","dateModified":"2021-08-11T09:01:14+00:00","description":"Vous \u00eates \u00e0 la recherche d'un interpr\u00e8te m\u00e9dical ? Global Voices dispose d'un service d'interpr\u00e9tariat sp\u00e9cialis\u00e9 dans la m\u00e9decine et le secteur m\u00e9dical.","breadcrumb":{"@id":"https:\/\/www.globalvoices.ch\/fr\/services-interpretariat\/interpretariat-pour-le-secteur-medical\/#breadcrumb"},"inLanguage":"fr-FR","potentialAction":[{"@type":"ReadAction","target":["https:\/\/www.globalvoices.ch\/fr\/services-interpretariat\/interpretariat-pour-le-secteur-medical\/"]}]},{"@type":"BreadcrumbList","@id":"https:\/\/www.globalvoices.ch\/fr\/services-interpretariat\/interpretariat-pour-le-secteur-medical\/#breadcrumb","itemListElement":[{"@type":"ListItem","position":1,"name":"Home","item":"https:\/\/www.globalvoices.ch\/fr\/"},{"@type":"ListItem","position":2,"name":"Services d\u2019interpr\u00e9tariat SWFR","item":"https:\/\/www.globalvoices.ch\/fr\/services-interpretariat\/"},{"@type":"ListItem","position":3,"name":"Interpr\u00e9tariat pour le secteur m\u00e9dical SWFR"}]}]}},"_links":{"self":[{"href":"https:\/\/www.globalvoices.ch\/fr\/wp-json\/wp\/v2\/pages\/27143"}],"collection":[{"href":"https:\/\/www.globalvoices.ch\/fr\/wp-json\/wp\/v2\/pages"}],"about":[{"href":"https:\/\/www.globalvoices.ch\/fr\/wp-json\/wp\/v2\/types\/page"}],"author":[{"embeddable":true,"href":"https:\/\/www.globalvoices.ch\/fr\/wp-json\/wp\/v2\/users\/38"}],"replies":[{"embeddable":true,"href":"https:\/\/www.globalvoices.ch\/fr\/wp-json\/wp\/v2\/comments?post=27143"}],"version-history":[{"count":4,"href":"https:\/\/www.globalvoices.ch\/fr\/wp-json\/wp\/v2\/pages\/27143\/revisions"}],"predecessor-version":[{"id":31746,"href":"https:\/\/www.globalvoices.ch\/fr\/wp-json\/wp\/v2\/pages\/27143\/revisions\/31746"}],"up":[{"embeddable":true,"href":"https:\/\/www.globalvoices.ch\/fr\/wp-json\/wp\/v2\/pages\/27134"}],"wp:attachment":[{"href":"https:\/\/www.globalvoices.ch\/fr\/wp-json\/wp\/v2\/media?parent=27143"}],"curies":[{"name":"wp","href":"https:\/\/api.w.org\/{rel}","templated":true}]}}