{"id":27149,"date":"2018-12-06T17:03:08","date_gmt":"2018-12-06T17:03:08","guid":{"rendered":"https:\/\/www.globalvoices.ch\/interpretation-services\/video-interpretation\/"},"modified":"2021-08-11T09:02:00","modified_gmt":"2021-08-11T09:02:00","slug":"interpretariat-video","status":"publish","type":"page","link":"https:\/\/www.globalvoices.ch\/fr\/services-interpretariat\/interpretariat-video\/","title":{"rendered":"Interpr\u00e9tariat vid\u00e9o SWFR"},"content":{"rendered":"","protected":false},"excerpt":{"rendered":"","protected":false},"author":38,"featured_media":0,"parent":27134,"menu_order":0,"comment_status":"closed","ping_status":"closed","template":"page-modular.php","meta":[],"yoast_head":"<!-- This site is optimized with the Yoast SEO plugin v16.7 - https:\/\/yoast.com\/wordpress\/plugins\/seo\/ -->\n<title>Interpr\u00e9tariat Vid\u00e9o : Service Interpr\u00e9tation Vid\u00e9o | Global Voices Suisse<\/title>\n<meta name=\"description\" content=\"Avec Lingo Connect, acc\u00e9dez \u00e0 nos services d&#039;Interpr\u00e9tariat Vid\u00e9o sur demande. Profitez de ce syst\u00e8me plus abordable que le face-\u00e0-face.\" \/>\n<meta name=\"robots\" content=\"index, follow, max-snippet:-1, max-image-preview:large, max-video-preview:-1\" \/>\n<link rel=\"canonical\" href=\"https:\/\/www.globalvoices.ch\/fr\/services-interpretariat\/interpretariat-video\/\" \/>\n<meta name=\"twitter:card\" content=\"summary_large_image\" \/>\n<meta name=\"twitter:title\" content=\"Interpr\u00e9tariat Vid\u00e9o : Service Interpr\u00e9tation Vid\u00e9o | Global Voices Suisse\" \/>\n<meta name=\"twitter:description\" content=\"Avec Lingo Connect, acc\u00e9dez \u00e0 nos services d&#039;Interpr\u00e9tariat Vid\u00e9o sur demande. Profitez de ce syst\u00e8me plus abordable que le face-\u00e0-face.\" \/>\n<!-- \/ Yoast SEO plugin. -->","yoast_head_json":{"title":"Interpr\u00e9tariat Vid\u00e9o : Service Interpr\u00e9tation Vid\u00e9o | Global Voices Suisse","description":"Avec Lingo Connect, acc\u00e9dez \u00e0 nos services d'Interpr\u00e9tariat Vid\u00e9o sur demande. Profitez de ce syst\u00e8me plus abordable que le face-\u00e0-face.","robots":{"index":"index","follow":"follow","max-snippet":"max-snippet:-1","max-image-preview":"max-image-preview:large","max-video-preview":"max-video-preview:-1"},"canonical":"https:\/\/www.globalvoices.ch\/fr\/services-interpretariat\/interpretariat-video\/","twitter_card":"summary_large_image","twitter_title":"Interpr\u00e9tariat Vid\u00e9o : Service Interpr\u00e9tation Vid\u00e9o | Global Voices Suisse","twitter_description":"Avec Lingo Connect, acc\u00e9dez \u00e0 nos services d'Interpr\u00e9tariat Vid\u00e9o sur demande. Profitez de ce syst\u00e8me plus abordable que le face-\u00e0-face.","schema":{"@context":"https:\/\/schema.org","@graph":[{"@type":"WebSite","@id":"https:\/\/www.globalvoices.ch\/#website","url":"https:\/\/www.globalvoices.ch\/","name":"Global Voices","description":"Translation Agency &amp; Translation Services","potentialAction":[{"@type":"SearchAction","target":{"@type":"EntryPoint","urlTemplate":"https:\/\/www.globalvoices.ch\/?s={search_term_string}"},"query-input":"required name=search_term_string"}],"inLanguage":"fr-FR"},{"@type":"WebPage","@id":"https:\/\/www.globalvoices.ch\/fr\/services-interpretariat\/interpretariat-video\/#webpage","url":"https:\/\/www.globalvoices.ch\/fr\/services-interpretariat\/interpretariat-video\/","name":"Interpr\u00e9tariat Vid\u00e9o : Service Interpr\u00e9tation Vid\u00e9o | Global Voices Suisse","isPartOf":{"@id":"https:\/\/www.globalvoices.ch\/#website"},"datePublished":"2018-12-06T17:03:08+00:00","dateModified":"2021-08-11T09:02:00+00:00","description":"Avec Lingo Connect, acc\u00e9dez \u00e0 nos services d'Interpr\u00e9tariat Vid\u00e9o sur demande. Profitez de ce syst\u00e8me plus abordable que le face-\u00e0-face.","breadcrumb":{"@id":"https:\/\/www.globalvoices.ch\/fr\/services-interpretariat\/interpretariat-video\/#breadcrumb"},"inLanguage":"fr-FR","potentialAction":[{"@type":"ReadAction","target":["https:\/\/www.globalvoices.ch\/fr\/services-interpretariat\/interpretariat-video\/"]}]},{"@type":"BreadcrumbList","@id":"https:\/\/www.globalvoices.ch\/fr\/services-interpretariat\/interpretariat-video\/#breadcrumb","itemListElement":[{"@type":"ListItem","position":1,"name":"Home","item":"https:\/\/www.globalvoices.ch\/fr\/"},{"@type":"ListItem","position":2,"name":"Services d\u2019interpr\u00e9tariat SWFR","item":"https:\/\/www.globalvoices.ch\/fr\/services-interpretariat\/"},{"@type":"ListItem","position":3,"name":"Interpr\u00e9tariat vid\u00e9o SWFR"}]}]}},"_links":{"self":[{"href":"https:\/\/www.globalvoices.ch\/fr\/wp-json\/wp\/v2\/pages\/27149"}],"collection":[{"href":"https:\/\/www.globalvoices.ch\/fr\/wp-json\/wp\/v2\/pages"}],"about":[{"href":"https:\/\/www.globalvoices.ch\/fr\/wp-json\/wp\/v2\/types\/page"}],"author":[{"embeddable":true,"href":"https:\/\/www.globalvoices.ch\/fr\/wp-json\/wp\/v2\/users\/38"}],"replies":[{"embeddable":true,"href":"https:\/\/www.globalvoices.ch\/fr\/wp-json\/wp\/v2\/comments?post=27149"}],"version-history":[{"count":4,"href":"https:\/\/www.globalvoices.ch\/fr\/wp-json\/wp\/v2\/pages\/27149\/revisions"}],"predecessor-version":[{"id":31935,"href":"https:\/\/www.globalvoices.ch\/fr\/wp-json\/wp\/v2\/pages\/27149\/revisions\/31935"}],"up":[{"embeddable":true,"href":"https:\/\/www.globalvoices.ch\/fr\/wp-json\/wp\/v2\/pages\/27134"}],"wp:attachment":[{"href":"https:\/\/www.globalvoices.ch\/fr\/wp-json\/wp\/v2\/media?parent=27149"}],"curies":[{"name":"wp","href":"https:\/\/api.w.org\/{rel}","templated":true}]}}