{"id":27152,"date":"2018-10-19T10:01:01","date_gmt":"2018-10-19T10:01:01","guid":{"rendered":"https:\/\/www.globalvoices.ch\/translation-services\/"},"modified":"2021-08-11T09:01:00","modified_gmt":"2021-08-11T09:01:00","slug":"services-de-traduction","status":"publish","type":"page","link":"https:\/\/www.globalvoices.ch\/fr\/services-de-traduction\/","title":{"rendered":"Services de traduction SWFR"},"content":{"rendered":"","protected":false},"excerpt":{"rendered":"","protected":false},"author":38,"featured_media":0,"parent":0,"menu_order":0,"comment_status":"closed","ping_status":"closed","template":"page-modular.php","meta":[],"yoast_head":"<!-- This site is optimized with the Yoast SEO plugin v16.7 - https:\/\/yoast.com\/wordpress\/plugins\/seo\/ -->\n<title>Services de traduction professionnelle | Global Voices Suisse<\/title>\n<meta name=\"description\" content=\"Global Voices vous propose un service de traduction professionnelle de qualit\u00e9 en g\u00e9rant l&#039;int\u00e9gralit\u00e9 de vos projets selon votre secteur d&#039;activit\u00e9.\" \/>\n<meta name=\"robots\" content=\"index, follow, max-snippet:-1, max-image-preview:large, max-video-preview:-1\" \/>\n<link rel=\"canonical\" href=\"https:\/\/www.globalvoices.ch\/fr\/services-de-traduction\/\" \/>\n<meta name=\"twitter:card\" content=\"summary_large_image\" \/>\n<meta name=\"twitter:title\" content=\"Services de traduction professionnelle | Global Voices Suisse\" \/>\n<meta name=\"twitter:description\" content=\"Global Voices vous propose un service de traduction professionnelle de qualit\u00e9 en g\u00e9rant l&#039;int\u00e9gralit\u00e9 de vos projets selon votre secteur d&#039;activit\u00e9.\" \/>\n<!-- \/ Yoast SEO plugin. -->","yoast_head_json":{"title":"Services de traduction professionnelle | Global Voices Suisse","description":"Global Voices vous propose un service de traduction professionnelle de qualit\u00e9 en g\u00e9rant l'int\u00e9gralit\u00e9 de vos projets selon votre secteur d'activit\u00e9.","robots":{"index":"index","follow":"follow","max-snippet":"max-snippet:-1","max-image-preview":"max-image-preview:large","max-video-preview":"max-video-preview:-1"},"canonical":"https:\/\/www.globalvoices.ch\/fr\/services-de-traduction\/","twitter_card":"summary_large_image","twitter_title":"Services de traduction professionnelle | Global Voices Suisse","twitter_description":"Global Voices vous propose un service de traduction professionnelle de qualit\u00e9 en g\u00e9rant l'int\u00e9gralit\u00e9 de vos projets selon votre secteur d'activit\u00e9.","schema":{"@context":"https:\/\/schema.org","@graph":[{"@type":"WebSite","@id":"https:\/\/www.globalvoices.ch\/#website","url":"https:\/\/www.globalvoices.ch\/","name":"Global Voices","description":"Translation Agency &amp; Translation Services","potentialAction":[{"@type":"SearchAction","target":{"@type":"EntryPoint","urlTemplate":"https:\/\/www.globalvoices.ch\/?s={search_term_string}"},"query-input":"required name=search_term_string"}],"inLanguage":"fr-FR"},{"@type":"WebPage","@id":"https:\/\/www.globalvoices.ch\/fr\/services-de-traduction\/#webpage","url":"https:\/\/www.globalvoices.ch\/fr\/services-de-traduction\/","name":"Services de traduction professionnelle | Global Voices Suisse","isPartOf":{"@id":"https:\/\/www.globalvoices.ch\/#website"},"datePublished":"2018-10-19T10:01:01+00:00","dateModified":"2021-08-11T09:01:00+00:00","description":"Global Voices vous propose un service de traduction professionnelle de qualit\u00e9 en g\u00e9rant l'int\u00e9gralit\u00e9 de vos projets selon votre secteur d'activit\u00e9.","breadcrumb":{"@id":"https:\/\/www.globalvoices.ch\/fr\/services-de-traduction\/#breadcrumb"},"inLanguage":"fr-FR","potentialAction":[{"@type":"ReadAction","target":["https:\/\/www.globalvoices.ch\/fr\/services-de-traduction\/"]}]},{"@type":"BreadcrumbList","@id":"https:\/\/www.globalvoices.ch\/fr\/services-de-traduction\/#breadcrumb","itemListElement":[{"@type":"ListItem","position":1,"name":"Home","item":"https:\/\/www.globalvoices.ch\/fr\/"},{"@type":"ListItem","position":2,"name":"Services de traduction SWFR"}]}]}},"_links":{"self":[{"href":"https:\/\/www.globalvoices.ch\/fr\/wp-json\/wp\/v2\/pages\/27152"}],"collection":[{"href":"https:\/\/www.globalvoices.ch\/fr\/wp-json\/wp\/v2\/pages"}],"about":[{"href":"https:\/\/www.globalvoices.ch\/fr\/wp-json\/wp\/v2\/types\/page"}],"author":[{"embeddable":true,"href":"https:\/\/www.globalvoices.ch\/fr\/wp-json\/wp\/v2\/users\/38"}],"replies":[{"embeddable":true,"href":"https:\/\/www.globalvoices.ch\/fr\/wp-json\/wp\/v2\/comments?post=27152"}],"version-history":[{"count":3,"href":"https:\/\/www.globalvoices.ch\/fr\/wp-json\/wp\/v2\/pages\/27152\/revisions"}],"predecessor-version":[{"id":31914,"href":"https:\/\/www.globalvoices.ch\/fr\/wp-json\/wp\/v2\/pages\/27152\/revisions\/31914"}],"wp:attachment":[{"href":"https:\/\/www.globalvoices.ch\/fr\/wp-json\/wp\/v2\/media?parent=27152"}],"curies":[{"name":"wp","href":"https:\/\/api.w.org\/{rel}","templated":true}]}}