{"id":27173,"date":"2019-01-02T10:45:28","date_gmt":"2019-01-02T10:45:28","guid":{"rendered":"https:\/\/www.globalvoices.ch\/translation-services\/back-translation\/"},"modified":"2021-08-11T09:01:05","modified_gmt":"2021-08-11T09:01:05","slug":"traduction-inversee","status":"publish","type":"page","link":"https:\/\/www.globalvoices.ch\/fr\/services-de-traduction\/traduction-inversee\/","title":{"rendered":"Services de traduction invers\u00e9e SWFR"},"content":{"rendered":"","protected":false},"excerpt":{"rendered":"","protected":false},"author":38,"featured_media":0,"parent":27152,"menu_order":0,"comment_status":"closed","ping_status":"closed","template":"page-modular.php","meta":[],"yoast_head":"<!-- This site is optimized with the Yoast SEO plugin v16.7 - https:\/\/yoast.com\/wordpress\/plugins\/seo\/ -->\n<title>Services de traduction invers\u00e9e SWFR - Global Voices Suisse<\/title>\n<meta name=\"description\" content=\"D\u00e9couvrez la traduction invers\u00e9e et la r\u00e9trotraduction d&#039;un document, d&#039;un texte ou encore d&#039;un site avec notre service de traduction Global Voices.\" \/>\n<meta name=\"robots\" content=\"index, follow, max-snippet:-1, max-image-preview:large, max-video-preview:-1\" \/>\n<link rel=\"canonical\" href=\"https:\/\/www.globalvoices.ch\/fr\/services-de-traduction\/traduction-inversee\/\" \/>\n<meta name=\"twitter:card\" content=\"summary_large_image\" \/>\n<meta name=\"twitter:title\" content=\"Services de traduction invers\u00e9e SWFR - Global Voices Suisse\" \/>\n<meta name=\"twitter:description\" content=\"D\u00e9couvrez la traduction invers\u00e9e et la r\u00e9trotraduction d&#039;un document, d&#039;un texte ou encore d&#039;un site avec notre service de traduction Global Voices.\" \/>\n<!-- \/ Yoast SEO plugin. -->","yoast_head_json":{"title":"Services de traduction invers\u00e9e SWFR - Global Voices Suisse","description":"D\u00e9couvrez la traduction invers\u00e9e et la r\u00e9trotraduction d'un document, d'un texte ou encore d'un site avec notre service de traduction Global Voices.","robots":{"index":"index","follow":"follow","max-snippet":"max-snippet:-1","max-image-preview":"max-image-preview:large","max-video-preview":"max-video-preview:-1"},"canonical":"https:\/\/www.globalvoices.ch\/fr\/services-de-traduction\/traduction-inversee\/","twitter_card":"summary_large_image","twitter_title":"Services de traduction invers\u00e9e SWFR - Global Voices Suisse","twitter_description":"D\u00e9couvrez la traduction invers\u00e9e et la r\u00e9trotraduction d'un document, d'un texte ou encore d'un site avec notre service de traduction Global Voices.","schema":{"@context":"https:\/\/schema.org","@graph":[{"@type":"WebSite","@id":"https:\/\/www.globalvoices.ch\/#website","url":"https:\/\/www.globalvoices.ch\/","name":"Global Voices","description":"Translation Agency &amp; Translation Services","potentialAction":[{"@type":"SearchAction","target":{"@type":"EntryPoint","urlTemplate":"https:\/\/www.globalvoices.ch\/?s={search_term_string}"},"query-input":"required name=search_term_string"}],"inLanguage":"fr-FR"},{"@type":"WebPage","@id":"https:\/\/www.globalvoices.ch\/fr\/services-de-traduction\/traduction-inversee\/#webpage","url":"https:\/\/www.globalvoices.ch\/fr\/services-de-traduction\/traduction-inversee\/","name":"Services de traduction invers\u00e9e SWFR - Global Voices Suisse","isPartOf":{"@id":"https:\/\/www.globalvoices.ch\/#website"},"datePublished":"2019-01-02T10:45:28+00:00","dateModified":"2021-08-11T09:01:05+00:00","description":"D\u00e9couvrez la traduction invers\u00e9e et la r\u00e9trotraduction d'un document, d'un texte ou encore d'un site avec notre service de traduction Global Voices.","breadcrumb":{"@id":"https:\/\/www.globalvoices.ch\/fr\/services-de-traduction\/traduction-inversee\/#breadcrumb"},"inLanguage":"fr-FR","potentialAction":[{"@type":"ReadAction","target":["https:\/\/www.globalvoices.ch\/fr\/services-de-traduction\/traduction-inversee\/"]}]},{"@type":"BreadcrumbList","@id":"https:\/\/www.globalvoices.ch\/fr\/services-de-traduction\/traduction-inversee\/#breadcrumb","itemListElement":[{"@type":"ListItem","position":1,"name":"Home","item":"https:\/\/www.globalvoices.ch\/fr\/"},{"@type":"ListItem","position":2,"name":"Services de traduction SWFR","item":"https:\/\/www.globalvoices.ch\/fr\/services-de-traduction\/"},{"@type":"ListItem","position":3,"name":"Services de traduction invers\u00e9e SWFR"}]}]}},"_links":{"self":[{"href":"https:\/\/www.globalvoices.ch\/fr\/wp-json\/wp\/v2\/pages\/27173"}],"collection":[{"href":"https:\/\/www.globalvoices.ch\/fr\/wp-json\/wp\/v2\/pages"}],"about":[{"href":"https:\/\/www.globalvoices.ch\/fr\/wp-json\/wp\/v2\/types\/page"}],"author":[{"embeddable":true,"href":"https:\/\/www.globalvoices.ch\/fr\/wp-json\/wp\/v2\/users\/38"}],"replies":[{"embeddable":true,"href":"https:\/\/www.globalvoices.ch\/fr\/wp-json\/wp\/v2\/comments?post=27173"}],"version-history":[{"count":5,"href":"https:\/\/www.globalvoices.ch\/fr\/wp-json\/wp\/v2\/pages\/27173\/revisions"}],"predecessor-version":[{"id":31923,"href":"https:\/\/www.globalvoices.ch\/fr\/wp-json\/wp\/v2\/pages\/27173\/revisions\/31923"}],"up":[{"embeddable":true,"href":"https:\/\/www.globalvoices.ch\/fr\/wp-json\/wp\/v2\/pages\/27152"}],"wp:attachment":[{"href":"https:\/\/www.globalvoices.ch\/fr\/wp-json\/wp\/v2\/media?parent=27173"}],"curies":[{"name":"wp","href":"https:\/\/api.w.org\/{rel}","templated":true}]}}