{"id":27203,"date":"2018-12-06T17:39:40","date_gmt":"2018-12-06T17:39:40","guid":{"rendered":"https:\/\/www.globalvoices.ch\/public-sector-translation\/"},"modified":"2021-08-11T09:04:08","modified_gmt":"2021-08-11T09:04:08","slug":"traduction-et-interpretariat-pour-le-secteur-public","status":"publish","type":"page","link":"https:\/\/www.globalvoices.ch\/fr\/traduction-et-interpretariat-pour-le-secteur-public\/","title":{"rendered":"Traduction et interpr\u00e9tariat pour le secteur public SWFR"},"content":{"rendered":"","protected":false},"excerpt":{"rendered":"","protected":false},"author":38,"featured_media":0,"parent":0,"menu_order":0,"comment_status":"closed","ping_status":"closed","template":"page-modular.php","meta":[],"yoast_head":"<!-- This site is optimized with the Yoast SEO plugin v16.7 - https:\/\/yoast.com\/wordpress\/plugins\/seo\/ -->\n<title>Traduction et Interpr\u00e9tariat Secteur Public | Global Voices Suisse<\/title>\n<meta name=\"description\" content=\"Retrouvez nos experts dans la traduction et l&#039;interpr\u00e9tariat pour le secteur public. Nos services de qualit\u00e9 sont adapt\u00e9s au budget des autorit\u00e9s locales.\" \/>\n<meta name=\"robots\" content=\"index, follow, max-snippet:-1, max-image-preview:large, max-video-preview:-1\" \/>\n<link rel=\"canonical\" href=\"https:\/\/www.globalvoices.ch\/fr\/traduction-et-interpretariat-pour-le-secteur-public\/\" \/>\n<meta name=\"twitter:card\" content=\"summary_large_image\" \/>\n<meta name=\"twitter:title\" content=\"Traduction et Interpr\u00e9tariat Secteur Public | Global Voices Suisse\" \/>\n<meta name=\"twitter:description\" content=\"Retrouvez nos experts dans la traduction et l&#039;interpr\u00e9tariat pour le secteur public. Nos services de qualit\u00e9 sont adapt\u00e9s au budget des autorit\u00e9s locales.\" \/>\n<!-- \/ Yoast SEO plugin. -->","yoast_head_json":{"title":"Traduction et Interpr\u00e9tariat Secteur Public | Global Voices Suisse","description":"Retrouvez nos experts dans la traduction et l'interpr\u00e9tariat pour le secteur public. Nos services de qualit\u00e9 sont adapt\u00e9s au budget des autorit\u00e9s locales.","robots":{"index":"index","follow":"follow","max-snippet":"max-snippet:-1","max-image-preview":"max-image-preview:large","max-video-preview":"max-video-preview:-1"},"canonical":"https:\/\/www.globalvoices.ch\/fr\/traduction-et-interpretariat-pour-le-secteur-public\/","twitter_card":"summary_large_image","twitter_title":"Traduction et Interpr\u00e9tariat Secteur Public | Global Voices Suisse","twitter_description":"Retrouvez nos experts dans la traduction et l'interpr\u00e9tariat pour le secteur public. Nos services de qualit\u00e9 sont adapt\u00e9s au budget des autorit\u00e9s locales.","schema":{"@context":"https:\/\/schema.org","@graph":[{"@type":"WebSite","@id":"https:\/\/www.globalvoices.ch\/#website","url":"https:\/\/www.globalvoices.ch\/","name":"Global Voices","description":"Translation Agency &amp; Translation Services","potentialAction":[{"@type":"SearchAction","target":{"@type":"EntryPoint","urlTemplate":"https:\/\/www.globalvoices.ch\/?s={search_term_string}"},"query-input":"required name=search_term_string"}],"inLanguage":"fr-FR"},{"@type":"WebPage","@id":"https:\/\/www.globalvoices.ch\/fr\/traduction-et-interpretariat-pour-le-secteur-public\/#webpage","url":"https:\/\/www.globalvoices.ch\/fr\/traduction-et-interpretariat-pour-le-secteur-public\/","name":"Traduction et Interpr\u00e9tariat Secteur Public | Global Voices Suisse","isPartOf":{"@id":"https:\/\/www.globalvoices.ch\/#website"},"datePublished":"2018-12-06T17:39:40+00:00","dateModified":"2021-08-11T09:04:08+00:00","description":"Retrouvez nos experts dans la traduction et l'interpr\u00e9tariat pour le secteur public. Nos services de qualit\u00e9 sont adapt\u00e9s au budget des autorit\u00e9s locales.","breadcrumb":{"@id":"https:\/\/www.globalvoices.ch\/fr\/traduction-et-interpretariat-pour-le-secteur-public\/#breadcrumb"},"inLanguage":"fr-FR","potentialAction":[{"@type":"ReadAction","target":["https:\/\/www.globalvoices.ch\/fr\/traduction-et-interpretariat-pour-le-secteur-public\/"]}]},{"@type":"BreadcrumbList","@id":"https:\/\/www.globalvoices.ch\/fr\/traduction-et-interpretariat-pour-le-secteur-public\/#breadcrumb","itemListElement":[{"@type":"ListItem","position":1,"name":"Home","item":"https:\/\/www.globalvoices.ch\/fr\/"},{"@type":"ListItem","position":2,"name":"Traduction et interpr\u00e9tariat pour le secteur public SWFR"}]}]}},"_links":{"self":[{"href":"https:\/\/www.globalvoices.ch\/fr\/wp-json\/wp\/v2\/pages\/27203"}],"collection":[{"href":"https:\/\/www.globalvoices.ch\/fr\/wp-json\/wp\/v2\/pages"}],"about":[{"href":"https:\/\/www.globalvoices.ch\/fr\/wp-json\/wp\/v2\/types\/page"}],"author":[{"embeddable":true,"href":"https:\/\/www.globalvoices.ch\/fr\/wp-json\/wp\/v2\/users\/38"}],"replies":[{"embeddable":true,"href":"https:\/\/www.globalvoices.ch\/fr\/wp-json\/wp\/v2\/comments?post=27203"}],"version-history":[{"count":3,"href":"https:\/\/www.globalvoices.ch\/fr\/wp-json\/wp\/v2\/pages\/27203\/revisions"}],"predecessor-version":[{"id":31728,"href":"https:\/\/www.globalvoices.ch\/fr\/wp-json\/wp\/v2\/pages\/27203\/revisions\/31728"}],"wp:attachment":[{"href":"https:\/\/www.globalvoices.ch\/fr\/wp-json\/wp\/v2\/media?parent=27203"}],"curies":[{"name":"wp","href":"https:\/\/api.w.org\/{rel}","templated":true}]}}