{"id":27243,"date":"2019-06-03T13:54:52","date_gmt":"2019-06-03T13:54:52","guid":{"rendered":"https:\/\/www.globalvoices.ch\/our-services\/"},"modified":"2021-08-11T09:02:03","modified_gmt":"2021-08-11T09:02:03","slug":"services","status":"publish","type":"page","link":"https:\/\/www.globalvoices.ch\/fr\/services\/","title":{"rendered":"Services SWFR"},"content":{"rendered":"","protected":false},"excerpt":{"rendered":"","protected":false},"author":38,"featured_media":0,"parent":0,"menu_order":0,"comment_status":"closed","ping_status":"closed","template":"page-industries-lp.php","meta":[],"yoast_head":"<!-- This site is optimized with the Yoast SEO plugin v16.7 - https:\/\/yoast.com\/wordpress\/plugins\/seo\/ -->\n<title>Services de Traduction, Interpr\u00e9tariat et Transcription | Global Voices Suisse<\/title>\n<meta name=\"description\" content=\"Retrouvez tous nos services professionnels de traduction, d&#039;interpr\u00e9tariat et de transcription sp\u00e9cialis\u00e9s dans le secteur d&#039;activit\u00e9 de votre choix.\" \/>\n<meta name=\"robots\" content=\"index, follow, max-snippet:-1, max-image-preview:large, max-video-preview:-1\" \/>\n<link rel=\"canonical\" href=\"https:\/\/www.globalvoices.ch\/fr\/services\/\" \/>\n<meta name=\"twitter:card\" content=\"summary_large_image\" \/>\n<meta name=\"twitter:title\" content=\"Services de Traduction, Interpr\u00e9tariat et Transcription | Global Voices Suisse\" \/>\n<meta name=\"twitter:description\" content=\"Retrouvez tous nos services professionnels de traduction, d&#039;interpr\u00e9tariat et de transcription sp\u00e9cialis\u00e9s dans le secteur d&#039;activit\u00e9 de votre choix.\" \/>\n<!-- \/ Yoast SEO plugin. -->","yoast_head_json":{"title":"Services de Traduction, Interpr\u00e9tariat et Transcription | Global Voices Suisse","description":"Retrouvez tous nos services professionnels de traduction, d'interpr\u00e9tariat et de transcription sp\u00e9cialis\u00e9s dans le secteur d'activit\u00e9 de votre choix.","robots":{"index":"index","follow":"follow","max-snippet":"max-snippet:-1","max-image-preview":"max-image-preview:large","max-video-preview":"max-video-preview:-1"},"canonical":"https:\/\/www.globalvoices.ch\/fr\/services\/","twitter_card":"summary_large_image","twitter_title":"Services de Traduction, Interpr\u00e9tariat et Transcription | Global Voices Suisse","twitter_description":"Retrouvez tous nos services professionnels de traduction, d'interpr\u00e9tariat et de transcription sp\u00e9cialis\u00e9s dans le secteur d'activit\u00e9 de votre choix.","schema":{"@context":"https:\/\/schema.org","@graph":[{"@type":"WebSite","@id":"https:\/\/www.globalvoices.ch\/#website","url":"https:\/\/www.globalvoices.ch\/","name":"Global Voices","description":"Translation Agency &amp; Translation Services","potentialAction":[{"@type":"SearchAction","target":{"@type":"EntryPoint","urlTemplate":"https:\/\/www.globalvoices.ch\/?s={search_term_string}"},"query-input":"required name=search_term_string"}],"inLanguage":"fr-FR"},{"@type":"WebPage","@id":"https:\/\/www.globalvoices.ch\/fr\/services\/#webpage","url":"https:\/\/www.globalvoices.ch\/fr\/services\/","name":"Services de Traduction, Interpr\u00e9tariat et Transcription | Global Voices Suisse","isPartOf":{"@id":"https:\/\/www.globalvoices.ch\/#website"},"datePublished":"2019-06-03T13:54:52+00:00","dateModified":"2021-08-11T09:02:03+00:00","description":"Retrouvez tous nos services professionnels de traduction, d'interpr\u00e9tariat et de transcription sp\u00e9cialis\u00e9s dans le secteur d'activit\u00e9 de votre choix.","breadcrumb":{"@id":"https:\/\/www.globalvoices.ch\/fr\/services\/#breadcrumb"},"inLanguage":"fr-FR","potentialAction":[{"@type":"ReadAction","target":["https:\/\/www.globalvoices.ch\/fr\/services\/"]}]},{"@type":"BreadcrumbList","@id":"https:\/\/www.globalvoices.ch\/fr\/services\/#breadcrumb","itemListElement":[{"@type":"ListItem","position":1,"name":"Home","item":"https:\/\/www.globalvoices.ch\/fr\/"},{"@type":"ListItem","position":2,"name":"Services SWFR"}]}]}},"_links":{"self":[{"href":"https:\/\/www.globalvoices.ch\/fr\/wp-json\/wp\/v2\/pages\/27243"}],"collection":[{"href":"https:\/\/www.globalvoices.ch\/fr\/wp-json\/wp\/v2\/pages"}],"about":[{"href":"https:\/\/www.globalvoices.ch\/fr\/wp-json\/wp\/v2\/types\/page"}],"author":[{"embeddable":true,"href":"https:\/\/www.globalvoices.ch\/fr\/wp-json\/wp\/v2\/users\/38"}],"replies":[{"embeddable":true,"href":"https:\/\/www.globalvoices.ch\/fr\/wp-json\/wp\/v2\/comments?post=27243"}],"version-history":[{"count":5,"href":"https:\/\/www.globalvoices.ch\/fr\/wp-json\/wp\/v2\/pages\/27243\/revisions"}],"predecessor-version":[{"id":31907,"href":"https:\/\/www.globalvoices.ch\/fr\/wp-json\/wp\/v2\/pages\/27243\/revisions\/31907"}],"wp:attachment":[{"href":"https:\/\/www.globalvoices.ch\/fr\/wp-json\/wp\/v2\/media?parent=27243"}],"curies":[{"name":"wp","href":"https:\/\/api.w.org\/{rel}","templated":true}]}}