{"id":27246,"date":"2018-10-12T10:07:54","date_gmt":"2018-10-12T10:07:54","guid":{"rendered":"https:\/\/www.globalvoices.ch\/our-industries\/"},"modified":"2021-08-11T09:00:23","modified_gmt":"2021-08-11T09:00:23","slug":"secteurs","status":"publish","type":"page","link":"https:\/\/www.globalvoices.ch\/fr\/secteurs\/","title":{"rendered":"Secteurs SWFR"},"content":{"rendered":"","protected":false},"excerpt":{"rendered":"","protected":false},"author":38,"featured_media":0,"parent":0,"menu_order":0,"comment_status":"closed","ping_status":"closed","template":"page-industries-lp.php","meta":[],"yoast_head":"<!-- This site is optimized with the Yoast SEO plugin v16.7 - https:\/\/yoast.com\/wordpress\/plugins\/seo\/ -->\n<title>Traduction dans votre Secteur d&#039;activit\u00e9 | Global Voices Suisse<\/title>\n<meta name=\"description\" content=\"Retrouvez l&#039;ensemble des secteurs d&#039;activit\u00e9 pour lesquels nous vous offrons des services de traductions experts et personnalis\u00e9s.\" \/>\n<meta name=\"robots\" content=\"index, follow, max-snippet:-1, max-image-preview:large, max-video-preview:-1\" \/>\n<link rel=\"canonical\" href=\"https:\/\/www.globalvoices.ch\/fr\/secteurs\/\" \/>\n<meta name=\"twitter:card\" content=\"summary_large_image\" \/>\n<meta name=\"twitter:title\" content=\"Traduction dans votre Secteur d&#039;activit\u00e9 | Global Voices Suisse\" \/>\n<meta name=\"twitter:description\" content=\"Retrouvez l&#039;ensemble des secteurs d&#039;activit\u00e9 pour lesquels nous vous offrons des services de traductions experts et personnalis\u00e9s.\" \/>\n<!-- \/ Yoast SEO plugin. -->","yoast_head_json":{"title":"Traduction dans votre Secteur d'activit\u00e9 | Global Voices Suisse","description":"Retrouvez l'ensemble des secteurs d'activit\u00e9 pour lesquels nous vous offrons des services de traductions experts et personnalis\u00e9s.","robots":{"index":"index","follow":"follow","max-snippet":"max-snippet:-1","max-image-preview":"max-image-preview:large","max-video-preview":"max-video-preview:-1"},"canonical":"https:\/\/www.globalvoices.ch\/fr\/secteurs\/","twitter_card":"summary_large_image","twitter_title":"Traduction dans votre Secteur d'activit\u00e9 | Global Voices Suisse","twitter_description":"Retrouvez l'ensemble des secteurs d'activit\u00e9 pour lesquels nous vous offrons des services de traductions experts et personnalis\u00e9s.","schema":{"@context":"https:\/\/schema.org","@graph":[{"@type":"WebSite","@id":"https:\/\/www.globalvoices.ch\/#website","url":"https:\/\/www.globalvoices.ch\/","name":"Global Voices","description":"Translation Agency &amp; Translation Services","potentialAction":[{"@type":"SearchAction","target":{"@type":"EntryPoint","urlTemplate":"https:\/\/www.globalvoices.ch\/?s={search_term_string}"},"query-input":"required name=search_term_string"}],"inLanguage":"fr-FR"},{"@type":"WebPage","@id":"https:\/\/www.globalvoices.ch\/fr\/secteurs\/#webpage","url":"https:\/\/www.globalvoices.ch\/fr\/secteurs\/","name":"Traduction dans votre Secteur d'activit\u00e9 | Global Voices Suisse","isPartOf":{"@id":"https:\/\/www.globalvoices.ch\/#website"},"datePublished":"2018-10-12T10:07:54+00:00","dateModified":"2021-08-11T09:00:23+00:00","description":"Retrouvez l'ensemble des secteurs d'activit\u00e9 pour lesquels nous vous offrons des services de traductions experts et personnalis\u00e9s.","breadcrumb":{"@id":"https:\/\/www.globalvoices.ch\/fr\/secteurs\/#breadcrumb"},"inLanguage":"fr-FR","potentialAction":[{"@type":"ReadAction","target":["https:\/\/www.globalvoices.ch\/fr\/secteurs\/"]}]},{"@type":"BreadcrumbList","@id":"https:\/\/www.globalvoices.ch\/fr\/secteurs\/#breadcrumb","itemListElement":[{"@type":"ListItem","position":1,"name":"Home","item":"https:\/\/www.globalvoices.ch\/fr\/"},{"@type":"ListItem","position":2,"name":"Secteurs SWFR"}]}]}},"_links":{"self":[{"href":"https:\/\/www.globalvoices.ch\/fr\/wp-json\/wp\/v2\/pages\/27246"}],"collection":[{"href":"https:\/\/www.globalvoices.ch\/fr\/wp-json\/wp\/v2\/pages"}],"about":[{"href":"https:\/\/www.globalvoices.ch\/fr\/wp-json\/wp\/v2\/types\/page"}],"author":[{"embeddable":true,"href":"https:\/\/www.globalvoices.ch\/fr\/wp-json\/wp\/v2\/users\/38"}],"replies":[{"embeddable":true,"href":"https:\/\/www.globalvoices.ch\/fr\/wp-json\/wp\/v2\/comments?post=27246"}],"version-history":[{"count":5,"href":"https:\/\/www.globalvoices.ch\/fr\/wp-json\/wp\/v2\/pages\/27246\/revisions"}],"predecessor-version":[{"id":31915,"href":"https:\/\/www.globalvoices.ch\/fr\/wp-json\/wp\/v2\/pages\/27246\/revisions\/31915"}],"wp:attachment":[{"href":"https:\/\/www.globalvoices.ch\/fr\/wp-json\/wp\/v2\/media?parent=27246"}],"curies":[{"name":"wp","href":"https:\/\/api.w.org\/{rel}","templated":true}]}}