{"id":27400,"date":"2018-11-21T16:24:47","date_gmt":"2018-11-21T16:24:47","guid":{"rendered":"https:\/\/www.globalvoices.ch\/privacy-policy\/"},"modified":"2021-08-11T09:00:22","modified_gmt":"2021-08-11T09:00:22","slug":"politique-de-confidentialite","status":"publish","type":"page","link":"https:\/\/www.globalvoices.ch\/fr\/politique-de-confidentialite\/","title":{"rendered":"Politique de confidentialit\u00e9 SWFR"},"content":{"rendered":"","protected":false},"excerpt":{"rendered":"","protected":false},"author":38,"featured_media":0,"parent":0,"menu_order":0,"comment_status":"closed","ping_status":"closed","template":"page-policy.php","meta":[],"yoast_head":"<!-- This site is optimized with the Yoast SEO plugin v16.7 - https:\/\/yoast.com\/wordpress\/plugins\/seo\/ -->\n<title>Politique de confidentialit\u00e9 clients | Global Voices Suisse<\/title>\n<meta name=\"description\" content=\"Global Voices s\u2019engage \u00e0 respecter la confidentialit\u00e9 de ses clients et prend tr\u00e8s au s\u00e9rieux ses responsabilit\u00e9s en termes de s\u00e9curit\u00e9 des donn\u00e9es des clients.\" \/>\n<meta name=\"robots\" content=\"index, follow, max-snippet:-1, max-image-preview:large, max-video-preview:-1\" \/>\n<link rel=\"canonical\" href=\"https:\/\/www.globalvoices.ch\/fr\/politique-de-confidentialite\/\" \/>\n<meta name=\"twitter:card\" content=\"summary_large_image\" \/>\n<meta name=\"twitter:title\" content=\"Politique de confidentialit\u00e9 clients | Global Voices Suisse\" \/>\n<meta name=\"twitter:description\" content=\"Global Voices s\u2019engage \u00e0 respecter la confidentialit\u00e9 de ses clients et prend tr\u00e8s au s\u00e9rieux ses responsabilit\u00e9s en termes de s\u00e9curit\u00e9 des donn\u00e9es des clients.\" \/>\n<!-- \/ Yoast SEO plugin. -->","yoast_head_json":{"title":"Politique de confidentialit\u00e9 clients | Global Voices Suisse","description":"Global Voices s\u2019engage \u00e0 respecter la confidentialit\u00e9 de ses clients et prend tr\u00e8s au s\u00e9rieux ses responsabilit\u00e9s en termes de s\u00e9curit\u00e9 des donn\u00e9es des clients.","robots":{"index":"index","follow":"follow","max-snippet":"max-snippet:-1","max-image-preview":"max-image-preview:large","max-video-preview":"max-video-preview:-1"},"canonical":"https:\/\/www.globalvoices.ch\/fr\/politique-de-confidentialite\/","twitter_card":"summary_large_image","twitter_title":"Politique de confidentialit\u00e9 clients | Global Voices Suisse","twitter_description":"Global Voices s\u2019engage \u00e0 respecter la confidentialit\u00e9 de ses clients et prend tr\u00e8s au s\u00e9rieux ses responsabilit\u00e9s en termes de s\u00e9curit\u00e9 des donn\u00e9es des clients.","schema":{"@context":"https:\/\/schema.org","@graph":[{"@type":"WebSite","@id":"https:\/\/www.globalvoices.ch\/#website","url":"https:\/\/www.globalvoices.ch\/","name":"Global Voices","description":"Translation Agency &amp; Translation Services","potentialAction":[{"@type":"SearchAction","target":{"@type":"EntryPoint","urlTemplate":"https:\/\/www.globalvoices.ch\/?s={search_term_string}"},"query-input":"required name=search_term_string"}],"inLanguage":"fr-FR"},{"@type":"WebPage","@id":"https:\/\/www.globalvoices.ch\/fr\/politique-de-confidentialite\/#webpage","url":"https:\/\/www.globalvoices.ch\/fr\/politique-de-confidentialite\/","name":"Politique de confidentialit\u00e9 clients | Global Voices Suisse","isPartOf":{"@id":"https:\/\/www.globalvoices.ch\/#website"},"datePublished":"2018-11-21T16:24:47+00:00","dateModified":"2021-08-11T09:00:22+00:00","description":"Global Voices s\u2019engage \u00e0 respecter la confidentialit\u00e9 de ses clients et prend tr\u00e8s au s\u00e9rieux ses responsabilit\u00e9s en termes de s\u00e9curit\u00e9 des donn\u00e9es des clients.","breadcrumb":{"@id":"https:\/\/www.globalvoices.ch\/fr\/politique-de-confidentialite\/#breadcrumb"},"inLanguage":"fr-FR","potentialAction":[{"@type":"ReadAction","target":["https:\/\/www.globalvoices.ch\/fr\/politique-de-confidentialite\/"]}]},{"@type":"BreadcrumbList","@id":"https:\/\/www.globalvoices.ch\/fr\/politique-de-confidentialite\/#breadcrumb","itemListElement":[{"@type":"ListItem","position":1,"name":"Home","item":"https:\/\/www.globalvoices.ch\/fr\/"},{"@type":"ListItem","position":2,"name":"Politique de confidentialit\u00e9 SWFR"}]}]}},"_links":{"self":[{"href":"https:\/\/www.globalvoices.ch\/fr\/wp-json\/wp\/v2\/pages\/27400"}],"collection":[{"href":"https:\/\/www.globalvoices.ch\/fr\/wp-json\/wp\/v2\/pages"}],"about":[{"href":"https:\/\/www.globalvoices.ch\/fr\/wp-json\/wp\/v2\/types\/page"}],"author":[{"embeddable":true,"href":"https:\/\/www.globalvoices.ch\/fr\/wp-json\/wp\/v2\/users\/38"}],"replies":[{"embeddable":true,"href":"https:\/\/www.globalvoices.ch\/fr\/wp-json\/wp\/v2\/comments?post=27400"}],"version-history":[{"count":4,"href":"https:\/\/www.globalvoices.ch\/fr\/wp-json\/wp\/v2\/pages\/27400\/revisions"}],"predecessor-version":[{"id":31905,"href":"https:\/\/www.globalvoices.ch\/fr\/wp-json\/wp\/v2\/pages\/27400\/revisions\/31905"}],"wp:attachment":[{"href":"https:\/\/www.globalvoices.ch\/fr\/wp-json\/wp\/v2\/media?parent=27400"}],"curies":[{"name":"wp","href":"https:\/\/api.w.org\/{rel}","templated":true}]}}