{"id":27403,"date":"2018-11-20T10:39:44","date_gmt":"2018-11-20T10:39:44","guid":{"rendered":"https:\/\/www.globalvoices.ch\/our-quality\/"},"modified":"2021-08-11T09:00:20","modified_gmt":"2021-08-11T09:00:20","slug":"garantie-de-qualite","status":"publish","type":"page","link":"https:\/\/www.globalvoices.ch\/fr\/garantie-de-qualite\/","title":{"rendered":"Garantie de Qualit\u00e9 SWFR"},"content":{"rendered":"","protected":false},"excerpt":{"rendered":"","protected":false},"author":38,"featured_media":0,"parent":0,"menu_order":0,"comment_status":"closed","ping_status":"closed","template":"page-our-quality.php","meta":[],"yoast_head":"<!-- This site is optimized with the Yoast SEO plugin v16.7 - https:\/\/yoast.com\/wordpress\/plugins\/seo\/ -->\n<title>Garantie de Qualit\u00e9 | Global Voices Suisse<\/title>\n<meta name=\"description\" content=\"Une garantie de qualit\u00e9 gr\u00e2ce \u00e0 nos processus op\u00e9rationnels bien \u00e9tablis, document\u00e9s, normalis\u00e9s et certifi\u00e9s par les normes et nos personnels comp\u00e9tents.\" \/>\n<meta name=\"robots\" content=\"index, follow, max-snippet:-1, max-image-preview:large, max-video-preview:-1\" \/>\n<link rel=\"canonical\" href=\"https:\/\/www.globalvoices.ch\/fr\/garantie-de-qualite\/\" \/>\n<meta name=\"twitter:card\" content=\"summary_large_image\" \/>\n<meta name=\"twitter:title\" content=\"Garantie de Qualit\u00e9 | Global Voices Suisse\" \/>\n<meta name=\"twitter:description\" content=\"Une garantie de qualit\u00e9 gr\u00e2ce \u00e0 nos processus op\u00e9rationnels bien \u00e9tablis, document\u00e9s, normalis\u00e9s et certifi\u00e9s par les normes et nos personnels comp\u00e9tents.\" \/>\n<!-- \/ Yoast SEO plugin. -->","yoast_head_json":{"title":"Garantie de Qualit\u00e9 | Global Voices Suisse","description":"Une garantie de qualit\u00e9 gr\u00e2ce \u00e0 nos processus op\u00e9rationnels bien \u00e9tablis, document\u00e9s, normalis\u00e9s et certifi\u00e9s par les normes et nos personnels comp\u00e9tents.","robots":{"index":"index","follow":"follow","max-snippet":"max-snippet:-1","max-image-preview":"max-image-preview:large","max-video-preview":"max-video-preview:-1"},"canonical":"https:\/\/www.globalvoices.ch\/fr\/garantie-de-qualite\/","twitter_card":"summary_large_image","twitter_title":"Garantie de Qualit\u00e9 | Global Voices Suisse","twitter_description":"Une garantie de qualit\u00e9 gr\u00e2ce \u00e0 nos processus op\u00e9rationnels bien \u00e9tablis, document\u00e9s, normalis\u00e9s et certifi\u00e9s par les normes et nos personnels comp\u00e9tents.","schema":{"@context":"https:\/\/schema.org","@graph":[{"@type":"WebSite","@id":"https:\/\/www.globalvoices.ch\/#website","url":"https:\/\/www.globalvoices.ch\/","name":"Global Voices","description":"Translation Agency &amp; Translation Services","potentialAction":[{"@type":"SearchAction","target":{"@type":"EntryPoint","urlTemplate":"https:\/\/www.globalvoices.ch\/?s={search_term_string}"},"query-input":"required name=search_term_string"}],"inLanguage":"fr-FR"},{"@type":"WebPage","@id":"https:\/\/www.globalvoices.ch\/fr\/garantie-de-qualite\/#webpage","url":"https:\/\/www.globalvoices.ch\/fr\/garantie-de-qualite\/","name":"Garantie de Qualit\u00e9 | Global Voices Suisse","isPartOf":{"@id":"https:\/\/www.globalvoices.ch\/#website"},"datePublished":"2018-11-20T10:39:44+00:00","dateModified":"2021-08-11T09:00:20+00:00","description":"Une garantie de qualit\u00e9 gr\u00e2ce \u00e0 nos processus op\u00e9rationnels bien \u00e9tablis, document\u00e9s, normalis\u00e9s et certifi\u00e9s par les normes et nos personnels comp\u00e9tents.","breadcrumb":{"@id":"https:\/\/www.globalvoices.ch\/fr\/garantie-de-qualite\/#breadcrumb"},"inLanguage":"fr-FR","potentialAction":[{"@type":"ReadAction","target":["https:\/\/www.globalvoices.ch\/fr\/garantie-de-qualite\/"]}]},{"@type":"BreadcrumbList","@id":"https:\/\/www.globalvoices.ch\/fr\/garantie-de-qualite\/#breadcrumb","itemListElement":[{"@type":"ListItem","position":1,"name":"Home","item":"https:\/\/www.globalvoices.ch\/fr\/"},{"@type":"ListItem","position":2,"name":"Garantie de Qualit\u00e9 SWFR"}]}]}},"_links":{"self":[{"href":"https:\/\/www.globalvoices.ch\/fr\/wp-json\/wp\/v2\/pages\/27403"}],"collection":[{"href":"https:\/\/www.globalvoices.ch\/fr\/wp-json\/wp\/v2\/pages"}],"about":[{"href":"https:\/\/www.globalvoices.ch\/fr\/wp-json\/wp\/v2\/types\/page"}],"author":[{"embeddable":true,"href":"https:\/\/www.globalvoices.ch\/fr\/wp-json\/wp\/v2\/users\/38"}],"replies":[{"embeddable":true,"href":"https:\/\/www.globalvoices.ch\/fr\/wp-json\/wp\/v2\/comments?post=27403"}],"version-history":[{"count":6,"href":"https:\/\/www.globalvoices.ch\/fr\/wp-json\/wp\/v2\/pages\/27403\/revisions"}],"predecessor-version":[{"id":31742,"href":"https:\/\/www.globalvoices.ch\/fr\/wp-json\/wp\/v2\/pages\/27403\/revisions\/31742"}],"wp:attachment":[{"href":"https:\/\/www.globalvoices.ch\/fr\/wp-json\/wp\/v2\/media?parent=27403"}],"curies":[{"name":"wp","href":"https:\/\/api.w.org\/{rel}","templated":true}]}}