{"id":27531,"date":"2018-12-07T11:12:05","date_gmt":"2018-12-07T11:12:05","guid":{"rendered":"https:\/\/www.globalvoices.ch\/traduction-et-interpretariat-pour-le-secteur-public\/medical-translation\/"},"modified":"2021-08-11T09:04:10","modified_gmt":"2021-08-11T09:04:10","slug":"secteur-sante","status":"publish","type":"page","link":"https:\/\/www.globalvoices.ch\/fr\/traduction-et-interpretariat-pour-le-secteur-public\/secteur-sante\/","title":{"rendered":"Services de traduction pour le secteur de la sant\u00e9 SWFR"},"content":{"rendered":"","protected":false},"excerpt":{"rendered":"","protected":false},"author":38,"featured_media":0,"parent":27203,"menu_order":0,"comment_status":"closed","ping_status":"closed","template":"page-modular.php","meta":[],"yoast_head":"<!-- This site is optimized with the Yoast SEO plugin v16.7 - https:\/\/yoast.com\/wordpress\/plugins\/seo\/ -->\n<title>Traduction pour secteur de la sant\u00e9 | Global Voices<\/title>\n<meta name=\"description\" content=\"Global Voices fourni le service de traduction pour le secteur de la sant\u00e9. Nous nous engageons \u00e0 rendre les services de sant\u00e9 accessibles \u00e0 un public diversifi\u00e9.\" \/>\n<meta name=\"robots\" content=\"index, follow, max-snippet:-1, max-image-preview:large, max-video-preview:-1\" \/>\n<link rel=\"canonical\" href=\"https:\/\/www.globalvoices.ch\/fr\/traduction-et-interpretariat-pour-le-secteur-public\/secteur-sante\/\" \/>\n<meta name=\"twitter:card\" content=\"summary_large_image\" \/>\n<meta name=\"twitter:title\" content=\"Traduction pour secteur de la sant\u00e9 | Global Voices\" \/>\n<meta name=\"twitter:description\" content=\"Global Voices fourni le service de traduction pour le secteur de la sant\u00e9. Nous nous engageons \u00e0 rendre les services de sant\u00e9 accessibles \u00e0 un public diversifi\u00e9.\" \/>\n<!-- \/ Yoast SEO plugin. -->","yoast_head_json":{"title":"Traduction pour secteur de la sant\u00e9 | Global Voices","description":"Global Voices fourni le service de traduction pour le secteur de la sant\u00e9. Nous nous engageons \u00e0 rendre les services de sant\u00e9 accessibles \u00e0 un public diversifi\u00e9.","robots":{"index":"index","follow":"follow","max-snippet":"max-snippet:-1","max-image-preview":"max-image-preview:large","max-video-preview":"max-video-preview:-1"},"canonical":"https:\/\/www.globalvoices.ch\/fr\/traduction-et-interpretariat-pour-le-secteur-public\/secteur-sante\/","twitter_card":"summary_large_image","twitter_title":"Traduction pour secteur de la sant\u00e9 | Global Voices","twitter_description":"Global Voices fourni le service de traduction pour le secteur de la sant\u00e9. Nous nous engageons \u00e0 rendre les services de sant\u00e9 accessibles \u00e0 un public diversifi\u00e9.","schema":{"@context":"https:\/\/schema.org","@graph":[{"@type":"WebSite","@id":"https:\/\/www.globalvoices.ch\/#website","url":"https:\/\/www.globalvoices.ch\/","name":"Global Voices","description":"Translation Agency &amp; Translation Services","potentialAction":[{"@type":"SearchAction","target":{"@type":"EntryPoint","urlTemplate":"https:\/\/www.globalvoices.ch\/?s={search_term_string}"},"query-input":"required name=search_term_string"}],"inLanguage":"fr-FR"},{"@type":"WebPage","@id":"https:\/\/www.globalvoices.ch\/fr\/traduction-et-interpretariat-pour-le-secteur-public\/secteur-sante\/#webpage","url":"https:\/\/www.globalvoices.ch\/fr\/traduction-et-interpretariat-pour-le-secteur-public\/secteur-sante\/","name":"Traduction pour secteur de la sant\u00e9 | Global Voices","isPartOf":{"@id":"https:\/\/www.globalvoices.ch\/#website"},"datePublished":"2018-12-07T11:12:05+00:00","dateModified":"2021-08-11T09:04:10+00:00","description":"Global Voices fourni le service de traduction pour le secteur de la sant\u00e9. Nous nous engageons \u00e0 rendre les services de sant\u00e9 accessibles \u00e0 un public diversifi\u00e9.","breadcrumb":{"@id":"https:\/\/www.globalvoices.ch\/fr\/traduction-et-interpretariat-pour-le-secteur-public\/secteur-sante\/#breadcrumb"},"inLanguage":"fr-FR","potentialAction":[{"@type":"ReadAction","target":["https:\/\/www.globalvoices.ch\/fr\/traduction-et-interpretariat-pour-le-secteur-public\/secteur-sante\/"]}]},{"@type":"BreadcrumbList","@id":"https:\/\/www.globalvoices.ch\/fr\/traduction-et-interpretariat-pour-le-secteur-public\/secteur-sante\/#breadcrumb","itemListElement":[{"@type":"ListItem","position":1,"name":"Home","item":"https:\/\/www.globalvoices.ch\/fr\/"},{"@type":"ListItem","position":2,"name":"Traduction et interpr\u00e9tariat pour le secteur public SWFR","item":"https:\/\/www.globalvoices.ch\/fr\/traduction-et-interpretariat-pour-le-secteur-public\/"},{"@type":"ListItem","position":3,"name":"Services de traduction pour le secteur de la sant\u00e9 SWFR"}]}]}},"_links":{"self":[{"href":"https:\/\/www.globalvoices.ch\/fr\/wp-json\/wp\/v2\/pages\/27531"}],"collection":[{"href":"https:\/\/www.globalvoices.ch\/fr\/wp-json\/wp\/v2\/pages"}],"about":[{"href":"https:\/\/www.globalvoices.ch\/fr\/wp-json\/wp\/v2\/types\/page"}],"author":[{"embeddable":true,"href":"https:\/\/www.globalvoices.ch\/fr\/wp-json\/wp\/v2\/users\/38"}],"replies":[{"embeddable":true,"href":"https:\/\/www.globalvoices.ch\/fr\/wp-json\/wp\/v2\/comments?post=27531"}],"version-history":[{"count":4,"href":"https:\/\/www.globalvoices.ch\/fr\/wp-json\/wp\/v2\/pages\/27531\/revisions"}],"predecessor-version":[{"id":31730,"href":"https:\/\/www.globalvoices.ch\/fr\/wp-json\/wp\/v2\/pages\/27531\/revisions\/31730"}],"up":[{"embeddable":true,"href":"https:\/\/www.globalvoices.ch\/fr\/wp-json\/wp\/v2\/pages\/27203"}],"wp:attachment":[{"href":"https:\/\/www.globalvoices.ch\/fr\/wp-json\/wp\/v2\/media?parent=27531"}],"curies":[{"name":"wp","href":"https:\/\/api.w.org\/{rel}","templated":true}]}}