{"id":31586,"date":"2020-10-29T11:29:21","date_gmt":"2020-10-29T11:29:21","guid":{"rendered":"https:\/\/www.globalvoices.ch\/?page_id=31586"},"modified":"2021-08-11T09:02:01","modified_gmt":"2021-08-11T09:02:01","slug":"bale","status":"publish","type":"page","link":"https:\/\/www.globalvoices.ch\/fr\/services-interpretariat\/bale\/","title":{"rendered":"Services d&rsquo;interpr\u00e9tariat \u00e0 B\u00e2le SWFR"},"content":{"rendered":"","protected":false},"excerpt":{"rendered":"","protected":false},"author":38,"featured_media":0,"parent":27134,"menu_order":0,"comment_status":"closed","ping_status":"closed","template":"page-modular.php","meta":[],"yoast_head":"<!-- This site is optimized with the Yoast SEO plugin v16.7 - https:\/\/yoast.com\/wordpress\/plugins\/seo\/ -->\n<title>Nos services d&#039;interpr\u00e9tariat \u00e0 B\u00e2le - Global Voices Suisse<\/title>\n<meta name=\"description\" content=\"Vous \u00eates \u00e0 la recherche d\u2019une agence d\u2019interpr\u00e9tariat \u00e0 B\u00e2le? Global Voices vous accompagne efficacement en vous proposant les services d\u2019experts en interpr\u00e9tation.\" \/>\n<meta name=\"robots\" content=\"index, follow, max-snippet:-1, max-image-preview:large, max-video-preview:-1\" \/>\n<link rel=\"canonical\" href=\"https:\/\/www.globalvoices.ch\/fr\/services-interpretariat\/bale\/\" \/>\n<meta name=\"twitter:card\" content=\"summary_large_image\" \/>\n<meta name=\"twitter:title\" content=\"Nos services d&#039;interpr\u00e9tariat \u00e0 B\u00e2le - Global Voices Suisse\" \/>\n<meta name=\"twitter:description\" content=\"Vous \u00eates \u00e0 la recherche d\u2019une agence d\u2019interpr\u00e9tariat \u00e0 B\u00e2le? Global Voices vous accompagne efficacement en vous proposant les services d\u2019experts en interpr\u00e9tation.\" \/>\n<!-- \/ Yoast SEO plugin. -->","yoast_head_json":{"title":"Nos services d'interpr\u00e9tariat \u00e0 B\u00e2le - Global Voices Suisse","description":"Vous \u00eates \u00e0 la recherche d\u2019une agence d\u2019interpr\u00e9tariat \u00e0 B\u00e2le? Global Voices vous accompagne efficacement en vous proposant les services d\u2019experts en interpr\u00e9tation.","robots":{"index":"index","follow":"follow","max-snippet":"max-snippet:-1","max-image-preview":"max-image-preview:large","max-video-preview":"max-video-preview:-1"},"canonical":"https:\/\/www.globalvoices.ch\/fr\/services-interpretariat\/bale\/","twitter_card":"summary_large_image","twitter_title":"Nos services d'interpr\u00e9tariat \u00e0 B\u00e2le - Global Voices Suisse","twitter_description":"Vous \u00eates \u00e0 la recherche d\u2019une agence d\u2019interpr\u00e9tariat \u00e0 B\u00e2le? Global Voices vous accompagne efficacement en vous proposant les services d\u2019experts en interpr\u00e9tation.","schema":{"@context":"https:\/\/schema.org","@graph":[{"@type":"WebSite","@id":"https:\/\/www.globalvoices.ch\/#website","url":"https:\/\/www.globalvoices.ch\/","name":"Global Voices","description":"Translation Agency &amp; Translation Services","potentialAction":[{"@type":"SearchAction","target":{"@type":"EntryPoint","urlTemplate":"https:\/\/www.globalvoices.ch\/?s={search_term_string}"},"query-input":"required name=search_term_string"}],"inLanguage":"fr-FR"},{"@type":"WebPage","@id":"https:\/\/www.globalvoices.ch\/fr\/services-interpretariat\/bale\/#webpage","url":"https:\/\/www.globalvoices.ch\/fr\/services-interpretariat\/bale\/","name":"Nos services d'interpr\u00e9tariat \u00e0 B\u00e2le - Global Voices Suisse","isPartOf":{"@id":"https:\/\/www.globalvoices.ch\/#website"},"datePublished":"2020-10-29T11:29:21+00:00","dateModified":"2021-08-11T09:02:01+00:00","description":"Vous \u00eates \u00e0 la recherche d\u2019une agence d\u2019interpr\u00e9tariat \u00e0 B\u00e2le? Global Voices vous accompagne efficacement en vous proposant les services d\u2019experts en interpr\u00e9tation.","breadcrumb":{"@id":"https:\/\/www.globalvoices.ch\/fr\/services-interpretariat\/bale\/#breadcrumb"},"inLanguage":"fr-FR","potentialAction":[{"@type":"ReadAction","target":["https:\/\/www.globalvoices.ch\/fr\/services-interpretariat\/bale\/"]}]},{"@type":"BreadcrumbList","@id":"https:\/\/www.globalvoices.ch\/fr\/services-interpretariat\/bale\/#breadcrumb","itemListElement":[{"@type":"ListItem","position":1,"name":"Home","item":"https:\/\/www.globalvoices.ch\/fr\/"},{"@type":"ListItem","position":2,"name":"Services d\u2019interpr\u00e9tariat SWFR","item":"https:\/\/www.globalvoices.ch\/fr\/services-interpretariat\/"},{"@type":"ListItem","position":3,"name":"Services d&#8217;interpr\u00e9tariat \u00e0 B\u00e2le SWFR"}]}]}},"_links":{"self":[{"href":"https:\/\/www.globalvoices.ch\/fr\/wp-json\/wp\/v2\/pages\/31586"}],"collection":[{"href":"https:\/\/www.globalvoices.ch\/fr\/wp-json\/wp\/v2\/pages"}],"about":[{"href":"https:\/\/www.globalvoices.ch\/fr\/wp-json\/wp\/v2\/types\/page"}],"author":[{"embeddable":true,"href":"https:\/\/www.globalvoices.ch\/fr\/wp-json\/wp\/v2\/users\/38"}],"replies":[{"embeddable":true,"href":"https:\/\/www.globalvoices.ch\/fr\/wp-json\/wp\/v2\/comments?post=31586"}],"version-history":[{"count":2,"href":"https:\/\/www.globalvoices.ch\/fr\/wp-json\/wp\/v2\/pages\/31586\/revisions"}],"predecessor-version":[{"id":31937,"href":"https:\/\/www.globalvoices.ch\/fr\/wp-json\/wp\/v2\/pages\/31586\/revisions\/31937"}],"up":[{"embeddable":true,"href":"https:\/\/www.globalvoices.ch\/fr\/wp-json\/wp\/v2\/pages\/27134"}],"wp:attachment":[{"href":"https:\/\/www.globalvoices.ch\/fr\/wp-json\/wp\/v2\/media?parent=31586"}],"curies":[{"name":"wp","href":"https:\/\/api.w.org\/{rel}","templated":true}]}}